{"id":5589,"date":"2025-09-01T17:54:53","date_gmt":"2025-09-01T16:54:53","guid":{"rendered":"https:\/\/www.footgolf.lu\/?post_type=product&#038;p=5589"},"modified":"2026-01-12T11:57:21","modified_gmt":"2026-01-12T10:57:21","slug":"championship-day-9-non-membres-simple","status":"publish","type":"product","link":"https:\/\/www.footgolf.lu\/en\/product\/championship-day-9-non-membres-simple\/","title":{"rendered":"Championship Day 9 &#8211; non membres &#8211; simple"},"content":{"rendered":"","protected":false},"excerpt":{"rendered":"<h3>Championship 9<\/h3>\n<hr \/>\n<ul>\n<li>13h00 &#8211; D\u00e9part comp\u00e9tition double (1 x 18)<\/li>\n<\/ul>","protected":false},"featured_media":5579,"comment_status":"closed","ping_status":"closed","template":"","meta":[],"product_brand":[],"product_cat":[40,29],"product_tag":[],"class_list":{"0":"post-5589","1":"product","2":"type-product","3":"status-publish","4":"has-post-thumbnail","6":"product_cat-inscription","7":"product_cat-accessories","9":"first","10":"instock","11":"taxable","12":"shipping-taxable","13":"purchasable","14":"product-type-simple"},"yoast_head":"<!-- This site is optimized with the Yoast SEO plugin v27.0 - https:\/\/yoast.com\/product\/yoast-seo-wordpress\/ -->\n<title>Championship Day 9 - non membres - simple - F\u00e9d\u00e9ration Luxembourgeoise de FootGolf<\/title>\n<meta name=\"robots\" content=\"index, follow, max-snippet:-1, max-image-preview:large, max-video-preview:-1\" \/>\n<link rel=\"canonical\" href=\"https:\/\/www.footgolf.lu\/en\/product\/championship-day-9-non-membres-simple\/\" \/>\n<meta property=\"og:locale\" content=\"en_US\" \/>\n<meta property=\"og:type\" content=\"article\" \/>\n<meta property=\"og:title\" content=\"Championship Day 9 - non membres - simple - F\u00e9d\u00e9ration Luxembourgeoise de FootGolf\" \/>\n<meta property=\"og:description\" content=\"Championship 9      13h00 - D\u00e9part comp\u00e9tition double (1 x 18)\" \/>\n<meta property=\"og:url\" content=\"https:\/\/www.footgolf.lu\/en\/product\/championship-day-9-non-membres-simple\/\" \/>\n<meta property=\"og:site_name\" content=\"F\u00e9d\u00e9ration Luxembourgeoise de FootGolf\" \/>\n<meta property=\"article:modified_time\" content=\"2026-01-12T10:57:21+00:00\" \/>\n<meta property=\"og:image\" content=\"https:\/\/www.footgolf.lu\/footgolf.lu\/home\/wp-content\/uploads\/2025\/09\/3f59fa37-f1c8-459c-9881-d10448e1795b.jpg\" \/>\n\t<meta property=\"og:image:width\" content=\"940\" \/>\n\t<meta property=\"og:image:height\" content=\"788\" \/>\n\t<meta property=\"og:image:type\" content=\"image\/jpeg\" \/>\n<meta name=\"twitter:card\" content=\"summary_large_image\" \/>\n<script type=\"application\/ld+json\" class=\"yoast-schema-graph\">{\"@context\":\"https:\/\/schema.org\",\"@graph\":[{\"@type\":\"WebPage\",\"@id\":\"https:\/\/www.footgolf.lu\/produit\/championship-day-9-non-membres-simple\/\",\"url\":\"https:\/\/www.footgolf.lu\/produit\/championship-day-9-non-membres-simple\/\",\"name\":\"Championship Day 9 - non membres - simple - F\u00e9d\u00e9ration Luxembourgeoise de FootGolf\",\"isPartOf\":{\"@id\":\"https:\/\/www.footgolf.lu\/#website\"},\"primaryImageOfPage\":{\"@id\":\"https:\/\/www.footgolf.lu\/produit\/championship-day-9-non-membres-simple\/#primaryimage\"},\"image\":{\"@id\":\"https:\/\/www.footgolf.lu\/produit\/championship-day-9-non-membres-simple\/#primaryimage\"},\"thumbnailUrl\":\"https:\/\/www.footgolf.lu\/footgolf.lu\/home\/wp-content\/uploads\/2025\/09\/3f59fa37-f1c8-459c-9881-d10448e1795b.jpg\",\"datePublished\":\"2025-09-01T16:54:53+00:00\",\"dateModified\":\"2026-01-12T10:57:21+00:00\",\"breadcrumb\":{\"@id\":\"https:\/\/www.footgolf.lu\/produit\/championship-day-9-non-membres-simple\/#breadcrumb\"},\"inLanguage\":\"en-US\",\"potentialAction\":[{\"@type\":\"ReadAction\",\"target\":[\"https:\/\/www.footgolf.lu\/produit\/championship-day-9-non-membres-simple\/\"]}]},{\"@type\":\"ImageObject\",\"inLanguage\":\"en-US\",\"@id\":\"https:\/\/www.footgolf.lu\/produit\/championship-day-9-non-membres-simple\/#primaryimage\",\"url\":\"https:\/\/www.footgolf.lu\/footgolf.lu\/home\/wp-content\/uploads\/2025\/09\/3f59fa37-f1c8-459c-9881-d10448e1795b.jpg\",\"contentUrl\":\"https:\/\/www.footgolf.lu\/footgolf.lu\/home\/wp-content\/uploads\/2025\/09\/3f59fa37-f1c8-459c-9881-d10448e1795b.jpg\",\"width\":940,\"height\":788},{\"@type\":\"BreadcrumbList\",\"@id\":\"https:\/\/www.footgolf.lu\/produit\/championship-day-9-non-membres-simple\/#breadcrumb\",\"itemListElement\":[{\"@type\":\"ListItem\",\"position\":1,\"name\":\"Accueil\",\"item\":\"https:\/\/www.footgolf.lu\/\"},{\"@type\":\"ListItem\",\"position\":2,\"name\":\"Championship Day 9 &#8211; non membres &#8211; simple\"}]},{\"@type\":\"WebSite\",\"@id\":\"https:\/\/www.footgolf.lu\/#website\",\"url\":\"https:\/\/www.footgolf.lu\/\",\"name\":\"F\u00e9d\u00e9ration Luxembourgeoise de FootGolf\",\"description\":\"FootGolf L\u00ebtzebuerg Federation\",\"publisher\":{\"@id\":\"https:\/\/www.footgolf.lu\/#organization\"},\"potentialAction\":[{\"@type\":\"SearchAction\",\"target\":{\"@type\":\"EntryPoint\",\"urlTemplate\":\"https:\/\/www.footgolf.lu\/?s={search_term_string}\"},\"query-input\":{\"@type\":\"PropertyValueSpecification\",\"valueRequired\":true,\"valueName\":\"search_term_string\"}}],\"inLanguage\":\"en-US\"},{\"@type\":\"Organization\",\"@id\":\"https:\/\/www.footgolf.lu\/#organization\",\"name\":\"F\u00e9d\u00e9ration Luxembourgeoise de FootGolf\",\"url\":\"https:\/\/www.footgolf.lu\/\",\"logo\":{\"@type\":\"ImageObject\",\"inLanguage\":\"en-US\",\"@id\":\"https:\/\/www.footgolf.lu\/#\/schema\/logo\/image\/\",\"url\":\"https:\/\/www.footgolf.lu\/footgolf.lu\/home\/wp-content\/uploads\/2021\/08\/logo.jpg\",\"contentUrl\":\"https:\/\/www.footgolf.lu\/footgolf.lu\/home\/wp-content\/uploads\/2021\/08\/logo.jpg\",\"width\":221,\"height\":200,\"caption\":\"F\u00e9d\u00e9ration Luxembourgeoise de FootGolf\"},\"image\":{\"@id\":\"https:\/\/www.footgolf.lu\/#\/schema\/logo\/image\/\"}}]}<\/script>\n<!-- \/ Yoast SEO plugin. -->","yoast_head_json":{"title":"Championship Day 9 - non membres - simple - F\u00e9d\u00e9ration Luxembourgeoise de FootGolf","robots":{"index":"index","follow":"follow","max-snippet":"max-snippet:-1","max-image-preview":"max-image-preview:large","max-video-preview":"max-video-preview:-1"},"canonical":"https:\/\/www.footgolf.lu\/en\/product\/championship-day-9-non-membres-simple\/","og_locale":"en_US","og_type":"article","og_title":"Championship Day 9 - non membres - simple - F\u00e9d\u00e9ration Luxembourgeoise de FootGolf","og_description":"Championship 9      13h00 - D\u00e9part comp\u00e9tition double (1 x 18)","og_url":"https:\/\/www.footgolf.lu\/en\/product\/championship-day-9-non-membres-simple\/","og_site_name":"F\u00e9d\u00e9ration Luxembourgeoise de FootGolf","article_modified_time":"2026-01-12T10:57:21+00:00","og_image":[{"width":940,"height":788,"url":"https:\/\/www.footgolf.lu\/footgolf.lu\/home\/wp-content\/uploads\/2025\/09\/3f59fa37-f1c8-459c-9881-d10448e1795b.jpg","type":"image\/jpeg"}],"twitter_card":"summary_large_image","schema":{"@context":"https:\/\/schema.org","@graph":[{"@type":"WebPage","@id":"https:\/\/www.footgolf.lu\/produit\/championship-day-9-non-membres-simple\/","url":"https:\/\/www.footgolf.lu\/produit\/championship-day-9-non-membres-simple\/","name":"Championship Day 9 - non membres - simple - F\u00e9d\u00e9ration Luxembourgeoise de FootGolf","isPartOf":{"@id":"https:\/\/www.footgolf.lu\/#website"},"primaryImageOfPage":{"@id":"https:\/\/www.footgolf.lu\/produit\/championship-day-9-non-membres-simple\/#primaryimage"},"image":{"@id":"https:\/\/www.footgolf.lu\/produit\/championship-day-9-non-membres-simple\/#primaryimage"},"thumbnailUrl":"https:\/\/www.footgolf.lu\/footgolf.lu\/home\/wp-content\/uploads\/2025\/09\/3f59fa37-f1c8-459c-9881-d10448e1795b.jpg","datePublished":"2025-09-01T16:54:53+00:00","dateModified":"2026-01-12T10:57:21+00:00","breadcrumb":{"@id":"https:\/\/www.footgolf.lu\/produit\/championship-day-9-non-membres-simple\/#breadcrumb"},"inLanguage":"en-US","potentialAction":[{"@type":"ReadAction","target":["https:\/\/www.footgolf.lu\/produit\/championship-day-9-non-membres-simple\/"]}]},{"@type":"ImageObject","inLanguage":"en-US","@id":"https:\/\/www.footgolf.lu\/produit\/championship-day-9-non-membres-simple\/#primaryimage","url":"https:\/\/www.footgolf.lu\/footgolf.lu\/home\/wp-content\/uploads\/2025\/09\/3f59fa37-f1c8-459c-9881-d10448e1795b.jpg","contentUrl":"https:\/\/www.footgolf.lu\/footgolf.lu\/home\/wp-content\/uploads\/2025\/09\/3f59fa37-f1c8-459c-9881-d10448e1795b.jpg","width":940,"height":788},{"@type":"BreadcrumbList","@id":"https:\/\/www.footgolf.lu\/produit\/championship-day-9-non-membres-simple\/#breadcrumb","itemListElement":[{"@type":"ListItem","position":1,"name":"Accueil","item":"https:\/\/www.footgolf.lu\/"},{"@type":"ListItem","position":2,"name":"Championship Day 9 &#8211; non membres &#8211; simple"}]},{"@type":"WebSite","@id":"https:\/\/www.footgolf.lu\/#website","url":"https:\/\/www.footgolf.lu\/","name":"F\u00e9d\u00e9ration Luxembourgeoise de FootGolf","description":"FootGolf L\u00ebtzebuerg Federation","publisher":{"@id":"https:\/\/www.footgolf.lu\/#organization"},"potentialAction":[{"@type":"SearchAction","target":{"@type":"EntryPoint","urlTemplate":"https:\/\/www.footgolf.lu\/?s={search_term_string}"},"query-input":{"@type":"PropertyValueSpecification","valueRequired":true,"valueName":"search_term_string"}}],"inLanguage":"en-US"},{"@type":"Organization","@id":"https:\/\/www.footgolf.lu\/#organization","name":"F\u00e9d\u00e9ration Luxembourgeoise de FootGolf","url":"https:\/\/www.footgolf.lu\/","logo":{"@type":"ImageObject","inLanguage":"en-US","@id":"https:\/\/www.footgolf.lu\/#\/schema\/logo\/image\/","url":"https:\/\/www.footgolf.lu\/footgolf.lu\/home\/wp-content\/uploads\/2021\/08\/logo.jpg","contentUrl":"https:\/\/www.footgolf.lu\/footgolf.lu\/home\/wp-content\/uploads\/2021\/08\/logo.jpg","width":221,"height":200,"caption":"F\u00e9d\u00e9ration Luxembourgeoise de FootGolf"},"image":{"@id":"https:\/\/www.footgolf.lu\/#\/schema\/logo\/image\/"}}]}},"_links":{"self":[{"href":"https:\/\/www.footgolf.lu\/en\/wp-json\/wp\/v2\/product\/5589","targetHints":{"allow":["GET"]}}],"collection":[{"href":"https:\/\/www.footgolf.lu\/en\/wp-json\/wp\/v2\/product"}],"about":[{"href":"https:\/\/www.footgolf.lu\/en\/wp-json\/wp\/v2\/types\/product"}],"replies":[{"embeddable":true,"href":"https:\/\/www.footgolf.lu\/en\/wp-json\/wp\/v2\/comments?post=5589"}],"version-history":[{"count":0,"href":"https:\/\/www.footgolf.lu\/en\/wp-json\/wp\/v2\/product\/5589\/revisions"}],"wp:featuredmedia":[{"embeddable":true,"href":"https:\/\/www.footgolf.lu\/en\/wp-json\/wp\/v2\/media\/5579"}],"wp:attachment":[{"href":"https:\/\/www.footgolf.lu\/en\/wp-json\/wp\/v2\/media?parent=5589"}],"wp:term":[{"taxonomy":"product_brand","embeddable":true,"href":"https:\/\/www.footgolf.lu\/en\/wp-json\/wp\/v2\/product_brand?post=5589"},{"taxonomy":"product_cat","embeddable":true,"href":"https:\/\/www.footgolf.lu\/en\/wp-json\/wp\/v2\/product_cat?post=5589"},{"taxonomy":"product_tag","embeddable":true,"href":"https:\/\/www.footgolf.lu\/en\/wp-json\/wp\/v2\/product_tag?post=5589"}],"curies":[{"name":"wp","href":"https:\/\/api.w.org\/{rel}","templated":true}]}}