{"id":7672,"date":"2026-03-01T17:58:16","date_gmt":"2026-03-01T16:58:16","guid":{"rendered":"https:\/\/www.footgolf.lu\/?page_id=7672"},"modified":"2026-03-01T19:57:26","modified_gmt":"2026-03-01T18:57:26","slug":"actualites","status":"publish","type":"page","link":"https:\/\/www.footgolf.lu\/en\/actualites\/","title":{"rendered":"NEWS"},"content":{"rendered":"<div data-elementor-type=\"wp-page\" data-elementor-id=\"7672\" class=\"elementor elementor-7672\" data-elementor-post-type=\"page\">\n\t\t\t\t<div class=\"elementor-element elementor-element-1bedeb70 e-flex e-con-boxed e-con e-parent\" data-id=\"1bedeb70\" data-element_type=\"container\" data-e-type=\"container\" data-settings=\"{&quot;background_background&quot;:&quot;classic&quot;}\">\n\t\t\t\t\t<div class=\"e-con-inner\">\n\t\t\t\t\t<\/div>\n\t\t\t\t<\/div>\n\t\t<div class=\"elementor-element elementor-element-49eddee4 e-flex e-con-boxed e-con e-parent\" data-id=\"49eddee4\" data-element_type=\"container\" data-e-type=\"container\">\n\t\t\t\t\t<div class=\"e-con-inner\">\n\t\t<div class=\"elementor-element elementor-element-2be7ca84 e-con-full e-flex e-con e-child\" data-id=\"2be7ca84\" data-element_type=\"container\" data-e-type=\"container\">\n\t\t\t\t<div class=\"elementor-element elementor-element-5b22c291 section-title at-heading-animation at-animation-heading-none elementor-invisible elementor-widget elementor-widget-heading\" data-id=\"5b22c291\" data-element_type=\"widget\" data-e-type=\"widget\" data-settings=\"{&quot;_animation&quot;:&quot;fadeInUp&quot;,&quot;_animation_delay&quot;:100,&quot;ekit_we_effect_on&quot;:&quot;none&quot;}\" data-widget_type=\"heading.default\">\n\t\t\t\t\t<h3 class=\"elementor-heading-title elementor-size-default\">NEWS<\/h3>\t\t\t\t<\/div>\n\t\t\t\t<div class=\"elementor-element elementor-element-288b5192 at-heading-animation at-animation-heading-style-2 elementor-widget elementor-widget-heading\" data-id=\"288b5192\" data-element_type=\"widget\" data-e-type=\"widget\" data-settings=\"{&quot;ekit_we_effect_on&quot;:&quot;none&quot;}\" data-widget_type=\"heading.default\">\n\t\t\t\t\t<h2 class=\"elementor-heading-title elementor-size-default translation-block\">NEWS &amp; UPDATES FROM ALFG<\/h2>\t\t\t\t<\/div>\n\t\t\t\t<\/div>\n\t\t\t\t\t<\/div>\n\t\t\t\t<\/div>\n\t\t<div class=\"elementor-element elementor-element-72b2f2cf e-con-full service-list e-flex e-con e-parent\" data-id=\"72b2f2cf\" data-element_type=\"container\" data-e-type=\"container\" data-settings=\"{&quot;background_background&quot;:&quot;classic&quot;}\">\n\t\t\t\t<div class=\"elementor-element elementor-element-74365ad elementor-grid-3 elementor-grid-tablet-2 elementor-grid-mobile-1 elementor-posts--thumbnail-top elementor-posts--show-avatar elementor-card-shadow-yes elementor-posts__hover-gradient elementor-widget elementor-widget-posts\" data-id=\"74365ad\" data-element_type=\"widget\" data-e-type=\"widget\" data-settings=\"{&quot;cards_masonry&quot;:&quot;yes&quot;,&quot;pagination_type&quot;:&quot;numbers&quot;,&quot;cards_columns&quot;:&quot;3&quot;,&quot;cards_columns_tablet&quot;:&quot;2&quot;,&quot;cards_columns_mobile&quot;:&quot;1&quot;,&quot;cards_row_gap&quot;:{&quot;unit&quot;:&quot;px&quot;,&quot;size&quot;:35,&quot;sizes&quot;:[]},&quot;cards_row_gap_tablet&quot;:{&quot;unit&quot;:&quot;px&quot;,&quot;size&quot;:&quot;&quot;,&quot;sizes&quot;:[]},&quot;cards_row_gap_mobile&quot;:{&quot;unit&quot;:&quot;px&quot;,&quot;size&quot;:&quot;&quot;,&quot;sizes&quot;:[]},&quot;ekit_we_effect_on&quot;:&quot;none&quot;}\" data-widget_type=\"posts.cards\">\n\t\t\t\t<div class=\"elementor-widget-container\">\n\t\t\t\t\t\t\t<div class=\"elementor-posts-container elementor-posts elementor-posts--skin-cards elementor-grid\" role=\"list\">\n\t\t\t\t<article class=\"elementor-post elementor-grid-item post-7905 post type-post status-publish format-standard has-post-thumbnail hentry category-non-classe-fr\" role=\"listitem\">\n\t\t\t<div class=\"elementor-post__card\">\n\t\t\t\t<a class=\"elementor-post__thumbnail__link\" href=\"https:\/\/www.footgolf.lu\/en\/alfgcoupe-de-luxembourg-2026\/\" tabindex=\"-1\" ><div class=\"elementor-post__thumbnail\"><img fetchpriority=\"high\" decoding=\"async\" width=\"800\" height=\"566\" src=\"https:\/\/www.footgolf.lu\/footgolf.lu\/home\/wp-content\/uploads\/2026\/03\/WhatsApp-Image-2026-03-24-at-15.15.50-1024x724.jpeg\" class=\"attachment-large size-large wp-image-7906\" alt=\"\" srcset=\"https:\/\/www.footgolf.lu\/footgolf.lu\/home\/wp-content\/uploads\/2026\/03\/WhatsApp-Image-2026-03-24-at-15.15.50-1024x724.jpeg 1024w, https:\/\/www.footgolf.lu\/footgolf.lu\/home\/wp-content\/uploads\/2026\/03\/WhatsApp-Image-2026-03-24-at-15.15.50-300x212.jpeg 300w, https:\/\/www.footgolf.lu\/footgolf.lu\/home\/wp-content\/uploads\/2026\/03\/WhatsApp-Image-2026-03-24-at-15.15.50-1536x1086.jpeg 1536w, https:\/\/www.footgolf.lu\/footgolf.lu\/home\/wp-content\/uploads\/2026\/03\/WhatsApp-Image-2026-03-24-at-15.15.50-18x12.jpeg 18w, https:\/\/www.footgolf.lu\/footgolf.lu\/home\/wp-content\/uploads\/2026\/03\/WhatsApp-Image-2026-03-24-at-15.15.50-600x424.jpeg 600w, https:\/\/www.footgolf.lu\/footgolf.lu\/home\/wp-content\/uploads\/2026\/03\/WhatsApp-Image-2026-03-24-at-15.15.50.jpeg 2000w\" sizes=\"(max-width: 800px) 100vw, 800px\" \/><\/div><\/a>\n\t\t\t\t<div class=\"elementor-post__avatar\">\n\t\t\t\t\t<\/div>\n\t\t\t\t<div class=\"elementor-post__text\">\n\t\t\t\t<h3 class=\"elementor-post__title\">\n\t\t\t<a href=\"https:\/\/www.footgolf.lu\/en\/alfgcoupe-de-luxembourg-2026\/\" >\n\t\t\t\tALFG COUPE DE LUXEMBOURG 2026\t\t\t<\/a>\n\t\t<\/h3>\n\t\t\n\t\t<a class=\"elementor-post__read-more\" href=\"https:\/\/www.footgolf.lu\/en\/alfgcoupe-de-luxembourg-2026\/\" aria-label=\"Read more about ALFG COUPE DE LUXEMBOURG 2026\" tabindex=\"-1\" >\n\t\t\tREAD MORE &gt;\t\t<\/a>\n\n\t\t\t\t<\/div>\n\t\t\t\t\t<\/div>\n\t\t<\/article>\n\t\t\t\t<article class=\"elementor-post elementor-grid-item post-7830 post type-post status-publish format-standard has-post-thumbnail hentry category-non-classe-fr\" role=\"listitem\">\n\t\t\t<div class=\"elementor-post__card\">\n\t\t\t\t<a class=\"elementor-post__thumbnail__link\" href=\"https:\/\/www.footgolf.lu\/en\/calendrier-alfg-2026\/\" tabindex=\"-1\" ><div class=\"elementor-post__thumbnail\"><img decoding=\"async\" width=\"800\" height=\"1000\" src=\"https:\/\/www.footgolf.lu\/footgolf.lu\/home\/wp-content\/uploads\/2026\/03\/WhatsApp-Image-2026-03-24-at-15.21.36-819x1024.jpeg\" class=\"attachment-large size-large wp-image-7909\" alt=\"\" srcset=\"https:\/\/www.footgolf.lu\/footgolf.lu\/home\/wp-content\/uploads\/2026\/03\/WhatsApp-Image-2026-03-24-at-15.21.36-819x1024.jpeg 819w, https:\/\/www.footgolf.lu\/footgolf.lu\/home\/wp-content\/uploads\/2026\/03\/WhatsApp-Image-2026-03-24-at-15.21.36-240x300.jpeg 240w, https:\/\/www.footgolf.lu\/footgolf.lu\/home\/wp-content\/uploads\/2026\/03\/WhatsApp-Image-2026-03-24-at-15.21.36-10x12.jpeg 10w, https:\/\/www.footgolf.lu\/footgolf.lu\/home\/wp-content\/uploads\/2026\/03\/WhatsApp-Image-2026-03-24-at-15.21.36-600x750.jpeg 600w, https:\/\/www.footgolf.lu\/footgolf.lu\/home\/wp-content\/uploads\/2026\/03\/WhatsApp-Image-2026-03-24-at-15.21.36.jpeg 1080w\" sizes=\"(max-width: 800px) 100vw, 800px\" \/><\/div><\/a>\n\t\t\t\t<div class=\"elementor-post__avatar\">\n\t\t\t\t\t<\/div>\n\t\t\t\t<div class=\"elementor-post__text\">\n\t\t\t\t<h3 class=\"elementor-post__title\">\n\t\t\t<a href=\"https:\/\/www.footgolf.lu\/en\/calendrier-alfg-2026\/\" >\n\t\t\t\tALFG 2026 Calendar\t\t\t<\/a>\n\t\t<\/h3>\n\t\t\n\t\t<a class=\"elementor-post__read-more\" href=\"https:\/\/www.footgolf.lu\/en\/calendrier-alfg-2026\/\" aria-label=\"Read more about Calendrier ALFG 2026\" tabindex=\"-1\" >\n\t\t\tREAD MORE &gt;\t\t<\/a>\n\n\t\t\t\t<\/div>\n\t\t\t\t\t<\/div>\n\t\t<\/article>\n\t\t\t\t<article class=\"elementor-post elementor-grid-item post-7693 post type-post status-publish format-standard has-post-thumbnail hentry category-non-classe-fr\" role=\"listitem\">\n\t\t\t<div class=\"elementor-post__card\">\n\t\t\t\t<a class=\"elementor-post__thumbnail__link\" href=\"https:\/\/www.footgolf.lu\/en\/licences-2026-la-nouvelle-saison-est-lancee\/\" tabindex=\"-1\" ><div class=\"elementor-post__thumbnail\"><img decoding=\"async\" width=\"779\" height=\"1024\" src=\"https:\/\/www.footgolf.lu\/footgolf.lu\/home\/wp-content\/uploads\/2026\/03\/WhatsApp-Image-2026-01-29-at-22.09.12-779x1024.jpeg\" class=\"attachment-large size-large wp-image-7699\" alt=\"\" srcset=\"https:\/\/www.footgolf.lu\/footgolf.lu\/home\/wp-content\/uploads\/2026\/03\/WhatsApp-Image-2026-01-29-at-22.09.12-779x1024.jpeg 779w, https:\/\/www.footgolf.lu\/footgolf.lu\/home\/wp-content\/uploads\/2026\/03\/WhatsApp-Image-2026-01-29-at-22.09.12-228x300.jpeg 228w, https:\/\/www.footgolf.lu\/footgolf.lu\/home\/wp-content\/uploads\/2026\/03\/WhatsApp-Image-2026-01-29-at-22.09.12-1168x1536.jpeg 1168w, https:\/\/www.footgolf.lu\/footgolf.lu\/home\/wp-content\/uploads\/2026\/03\/WhatsApp-Image-2026-01-29-at-22.09.12-9x12.jpeg 9w, https:\/\/www.footgolf.lu\/footgolf.lu\/home\/wp-content\/uploads\/2026\/03\/WhatsApp-Image-2026-01-29-at-22.09.12-600x789.jpeg 600w, https:\/\/www.footgolf.lu\/footgolf.lu\/home\/wp-content\/uploads\/2026\/03\/WhatsApp-Image-2026-01-29-at-22.09.12.jpeg 1206w\" sizes=\"(max-width: 779px) 100vw, 779px\" \/><\/div><\/a>\n\t\t\t\t<div class=\"elementor-post__avatar\">\n\t\t\t\t\t<\/div>\n\t\t\t\t<div class=\"elementor-post__text\">\n\t\t\t\t<h3 class=\"elementor-post__title\">\n\t\t\t<a href=\"https:\/\/www.footgolf.lu\/en\/licences-2026-la-nouvelle-saison-est-lancee\/\" >\n\t\t\t\tLicenses 2026: The New Season Is Launched!\t\t\t<\/a>\n\t\t<\/h3>\n\t\t\n\t\t<a class=\"elementor-post__read-more\" href=\"https:\/\/www.footgolf.lu\/en\/licences-2026-la-nouvelle-saison-est-lancee\/\" aria-label=\"Read more about Licences 2026 : La nouvelle saison est lanc\u00e9e !\" tabindex=\"-1\" >\n\t\t\tREAD MORE &gt;\t\t<\/a>\n\n\t\t\t\t<\/div>\n\t\t\t\t\t<\/div>\n\t\t<\/article>\n\t\t\t\t<\/div>\n\t\t\n\t\t\t\t\t\t<\/div>\n\t\t\t\t<\/div>\n\t\t\t\t<\/div>\n\t\t\t\t<\/div>","protected":false},"excerpt":{"rendered":"<p>NEWS ACTUALIT\u00c9S &amp; NOUVEAUT\u00c9S DE L&rsquo;ALFG<\/p>","protected":false},"author":1,"featured_media":0,"parent":0,"menu_order":0,"comment_status":"closed","ping_status":"closed","template":"elementor_header_footer","meta":{"footnotes":""},"class_list":["post-7672","page","type-page","status-publish","hentry"],"yoast_head":"<!-- This site is optimized with the Yoast SEO plugin v27.0 - https:\/\/yoast.com\/product\/yoast-seo-wordpress\/ -->\n<title>Actualit\u00e9s &amp; Nouveaut\u00e9s | ALFG<\/title>\n<meta name=\"description\" content=\"D\u00e9couvrez toutes les actualit\u00e9s concernant l\u2019Association Luxembourgeoise de FootGolf et la F\u00e9d\u00e9ration Internationale de FootGolf.\" \/>\n<meta name=\"robots\" content=\"index, follow, max-snippet:-1, max-image-preview:large, max-video-preview:-1\" \/>\n<link rel=\"canonical\" href=\"https:\/\/www.footgolf.lu\/en\/actualites\/\" \/>\n<meta property=\"og:locale\" content=\"en_US\" \/>\n<meta property=\"og:type\" content=\"article\" \/>\n<meta property=\"og:title\" content=\"Actualit\u00e9s &amp; Nouveaut\u00e9s | ALFG\" \/>\n<meta property=\"og:description\" content=\"D\u00e9couvrez toutes les actualit\u00e9s concernant l\u2019Association Luxembourgeoise de FootGolf et la F\u00e9d\u00e9ration Internationale de FootGolf.\" \/>\n<meta property=\"og:url\" content=\"https:\/\/www.footgolf.lu\/en\/actualites\/\" \/>\n<meta property=\"og:site_name\" content=\"F\u00e9d\u00e9ration Luxembourgeoise de FootGolf\" \/>\n<meta property=\"article:modified_time\" content=\"2026-03-01T18:57:26+00:00\" \/>\n<meta name=\"twitter:card\" content=\"summary_large_image\" \/>\n<meta name=\"twitter:label1\" content=\"Est. reading time\" \/>\n\t<meta name=\"twitter:data1\" content=\"1 minute\" \/>\n<script type=\"application\/ld+json\" class=\"yoast-schema-graph\">{\"@context\":\"https:\/\/schema.org\",\"@graph\":[{\"@type\":\"WebPage\",\"@id\":\"https:\/\/www.footgolf.lu\/actualites\/\",\"url\":\"https:\/\/www.footgolf.lu\/actualites\/\",\"name\":\"Actualit\u00e9s & Nouveaut\u00e9s | ALFG\",\"isPartOf\":{\"@id\":\"https:\/\/www.footgolf.lu\/#website\"},\"datePublished\":\"2026-03-01T16:58:16+00:00\",\"dateModified\":\"2026-03-01T18:57:26+00:00\",\"description\":\"D\u00e9couvrez toutes les actualit\u00e9s concernant l\u2019Association Luxembourgeoise de FootGolf et la F\u00e9d\u00e9ration Internationale de FootGolf.\",\"breadcrumb\":{\"@id\":\"https:\/\/www.footgolf.lu\/actualites\/#breadcrumb\"},\"inLanguage\":\"en-US\",\"potentialAction\":[{\"@type\":\"ReadAction\",\"target\":[\"https:\/\/www.footgolf.lu\/actualites\/\"]}]},{\"@type\":\"BreadcrumbList\",\"@id\":\"https:\/\/www.footgolf.lu\/actualites\/#breadcrumb\",\"itemListElement\":[{\"@type\":\"ListItem\",\"position\":1,\"name\":\"Accueil\",\"item\":\"https:\/\/www.footgolf.lu\/\"},{\"@type\":\"ListItem\",\"position\":2,\"name\":\"ACTUALIT\u00c9S\"}]},{\"@type\":\"WebSite\",\"@id\":\"https:\/\/www.footgolf.lu\/#website\",\"url\":\"https:\/\/www.footgolf.lu\/\",\"name\":\"F\u00e9d\u00e9ration Luxembourgeoise de FootGolf\",\"description\":\"FootGolf L\u00ebtzebuerg Federation\",\"publisher\":{\"@id\":\"https:\/\/www.footgolf.lu\/#organization\"},\"potentialAction\":[{\"@type\":\"SearchAction\",\"target\":{\"@type\":\"EntryPoint\",\"urlTemplate\":\"https:\/\/www.footgolf.lu\/?s={search_term_string}\"},\"query-input\":{\"@type\":\"PropertyValueSpecification\",\"valueRequired\":true,\"valueName\":\"search_term_string\"}}],\"inLanguage\":\"en-US\"},{\"@type\":\"Organization\",\"@id\":\"https:\/\/www.footgolf.lu\/#organization\",\"name\":\"F\u00e9d\u00e9ration Luxembourgeoise de FootGolf\",\"url\":\"https:\/\/www.footgolf.lu\/\",\"logo\":{\"@type\":\"ImageObject\",\"inLanguage\":\"en-US\",\"@id\":\"https:\/\/www.footgolf.lu\/#\/schema\/logo\/image\/\",\"url\":\"https:\/\/www.footgolf.lu\/footgolf.lu\/home\/wp-content\/uploads\/2021\/08\/logo.jpg\",\"contentUrl\":\"https:\/\/www.footgolf.lu\/footgolf.lu\/home\/wp-content\/uploads\/2021\/08\/logo.jpg\",\"width\":221,\"height\":200,\"caption\":\"F\u00e9d\u00e9ration Luxembourgeoise de FootGolf\"},\"image\":{\"@id\":\"https:\/\/www.footgolf.lu\/#\/schema\/logo\/image\/\"}}]}<\/script>\n<!-- \/ Yoast SEO plugin. -->","yoast_head_json":{"title":"Actualit\u00e9s & Nouveaut\u00e9s | ALFG","description":"D\u00e9couvrez toutes les actualit\u00e9s concernant l\u2019Association Luxembourgeoise de FootGolf et la F\u00e9d\u00e9ration Internationale de FootGolf.","robots":{"index":"index","follow":"follow","max-snippet":"max-snippet:-1","max-image-preview":"max-image-preview:large","max-video-preview":"max-video-preview:-1"},"canonical":"https:\/\/www.footgolf.lu\/en\/actualites\/","og_locale":"en_US","og_type":"article","og_title":"Actualit\u00e9s & Nouveaut\u00e9s | ALFG","og_description":"D\u00e9couvrez toutes les actualit\u00e9s concernant l\u2019Association Luxembourgeoise de FootGolf et la F\u00e9d\u00e9ration Internationale de FootGolf.","og_url":"https:\/\/www.footgolf.lu\/en\/actualites\/","og_site_name":"F\u00e9d\u00e9ration Luxembourgeoise de FootGolf","article_modified_time":"2026-03-01T18:57:26+00:00","twitter_card":"summary_large_image","twitter_misc":{"Est. reading time":"1 minute"},"schema":{"@context":"https:\/\/schema.org","@graph":[{"@type":"WebPage","@id":"https:\/\/www.footgolf.lu\/actualites\/","url":"https:\/\/www.footgolf.lu\/actualites\/","name":"Actualit\u00e9s & Nouveaut\u00e9s | ALFG","isPartOf":{"@id":"https:\/\/www.footgolf.lu\/#website"},"datePublished":"2026-03-01T16:58:16+00:00","dateModified":"2026-03-01T18:57:26+00:00","description":"D\u00e9couvrez toutes les actualit\u00e9s concernant l\u2019Association Luxembourgeoise de FootGolf et la F\u00e9d\u00e9ration Internationale de FootGolf.","breadcrumb":{"@id":"https:\/\/www.footgolf.lu\/actualites\/#breadcrumb"},"inLanguage":"en-US","potentialAction":[{"@type":"ReadAction","target":["https:\/\/www.footgolf.lu\/actualites\/"]}]},{"@type":"BreadcrumbList","@id":"https:\/\/www.footgolf.lu\/actualites\/#breadcrumb","itemListElement":[{"@type":"ListItem","position":1,"name":"Accueil","item":"https:\/\/www.footgolf.lu\/"},{"@type":"ListItem","position":2,"name":"ACTUALIT\u00c9S"}]},{"@type":"WebSite","@id":"https:\/\/www.footgolf.lu\/#website","url":"https:\/\/www.footgolf.lu\/","name":"F\u00e9d\u00e9ration Luxembourgeoise de FootGolf","description":"FootGolf L\u00ebtzebuerg Federation","publisher":{"@id":"https:\/\/www.footgolf.lu\/#organization"},"potentialAction":[{"@type":"SearchAction","target":{"@type":"EntryPoint","urlTemplate":"https:\/\/www.footgolf.lu\/?s={search_term_string}"},"query-input":{"@type":"PropertyValueSpecification","valueRequired":true,"valueName":"search_term_string"}}],"inLanguage":"en-US"},{"@type":"Organization","@id":"https:\/\/www.footgolf.lu\/#organization","name":"F\u00e9d\u00e9ration Luxembourgeoise de FootGolf","url":"https:\/\/www.footgolf.lu\/","logo":{"@type":"ImageObject","inLanguage":"en-US","@id":"https:\/\/www.footgolf.lu\/#\/schema\/logo\/image\/","url":"https:\/\/www.footgolf.lu\/footgolf.lu\/home\/wp-content\/uploads\/2021\/08\/logo.jpg","contentUrl":"https:\/\/www.footgolf.lu\/footgolf.lu\/home\/wp-content\/uploads\/2021\/08\/logo.jpg","width":221,"height":200,"caption":"F\u00e9d\u00e9ration Luxembourgeoise de FootGolf"},"image":{"@id":"https:\/\/www.footgolf.lu\/#\/schema\/logo\/image\/"}}]}},"_links":{"self":[{"href":"https:\/\/www.footgolf.lu\/en\/wp-json\/wp\/v2\/pages\/7672","targetHints":{"allow":["GET"]}}],"collection":[{"href":"https:\/\/www.footgolf.lu\/en\/wp-json\/wp\/v2\/pages"}],"about":[{"href":"https:\/\/www.footgolf.lu\/en\/wp-json\/wp\/v2\/types\/page"}],"author":[{"embeddable":true,"href":"https:\/\/www.footgolf.lu\/en\/wp-json\/wp\/v2\/users\/1"}],"replies":[{"embeddable":true,"href":"https:\/\/www.footgolf.lu\/en\/wp-json\/wp\/v2\/comments?post=7672"}],"version-history":[{"count":20,"href":"https:\/\/www.footgolf.lu\/en\/wp-json\/wp\/v2\/pages\/7672\/revisions"}],"predecessor-version":[{"id":7748,"href":"https:\/\/www.footgolf.lu\/en\/wp-json\/wp\/v2\/pages\/7672\/revisions\/7748"}],"wp:attachment":[{"href":"https:\/\/www.footgolf.lu\/en\/wp-json\/wp\/v2\/media?parent=7672"}],"curies":[{"name":"wp","href":"https:\/\/api.w.org\/{rel}","templated":true}]}}