{"id":7576,"date":"2026-01-27T17:23:27","date_gmt":"2026-01-27T16:23:27","guid":{"rendered":"https:\/\/www.footgolf.lu\/?page_id=7576"},"modified":"2026-01-27T22:11:04","modified_gmt":"2026-01-27T21:11:04","slug":"inscription-double","status":"publish","type":"page","link":"https:\/\/www.footgolf.lu\/en\/inscription-double\/","title":{"rendered":"TOURNOI INSCRIPTION DOUBLE"},"content":{"rendered":"<div data-elementor-type=\"wp-page\" data-elementor-id=\"7576\" class=\"elementor elementor-7576\" data-elementor-post-type=\"page\">\n\t\t\t\t<div class=\"elementor-element elementor-element-2b7a4130 e-flex e-con-boxed e-con e-parent\" data-id=\"2b7a4130\" data-element_type=\"container\" data-e-type=\"container\" data-settings=\"{&quot;background_background&quot;:&quot;classic&quot;}\">\n\t\t\t\t\t<div class=\"e-con-inner\">\n\t\t\t\t\t<\/div>\n\t\t\t\t<\/div>\n\t\t<div class=\"elementor-element elementor-element-758b5edd e-flex e-con-boxed e-con e-parent\" data-id=\"758b5edd\" data-element_type=\"container\" data-e-type=\"container\">\n\t\t\t\t\t<div class=\"e-con-inner\">\n\t\t<div class=\"elementor-element elementor-element-30f6aded e-con-full e-flex e-con e-child\" data-id=\"30f6aded\" data-element_type=\"container\" data-e-type=\"container\">\n\t\t\t\t<div class=\"elementor-element elementor-element-4ae940dc section-title at-heading-animation at-animation-heading-none elementor-invisible elementor-widget elementor-widget-heading\" data-id=\"4ae940dc\" data-element_type=\"widget\" data-e-type=\"widget\" data-settings=\"{&quot;_animation&quot;:&quot;fadeInUp&quot;,&quot;_animation_delay&quot;:100,&quot;ekit_we_effect_on&quot;:&quot;none&quot;}\" data-widget_type=\"heading.default\">\n\t\t\t\t\t<h3 class=\"elementor-heading-title elementor-size-default\">PAIRS COMPETITION<\/h3>\t\t\t\t<\/div>\n\t\t\t\t<div class=\"elementor-element elementor-element-47533dc4 at-heading-animation at-animation-heading-style-2 elementor-widget elementor-widget-heading\" data-id=\"47533dc4\" data-element_type=\"widget\" data-e-type=\"widget\" data-settings=\"{&quot;ekit_we_effect_on&quot;:&quot;none&quot;}\" data-widget_type=\"heading.default\">\n\t\t\t\t\t<h2 class=\"elementor-heading-title elementor-size-default\">Thank you for your registration.<\/h2>\t\t\t\t<\/div>\n\t\t\t\t<div class=\"elementor-element elementor-element-63f63670 elementor-invisible elementor-widget elementor-widget-text-editor\" data-id=\"63f63670\" data-element_type=\"widget\" data-e-type=\"widget\" data-settings=\"{&quot;_animation&quot;:&quot;fadeInUp&quot;,&quot;_animation_delay&quot;:200,&quot;ekit_we_effect_on&quot;:&quot;none&quot;}\" data-widget_type=\"text-editor.default\">\n\t\t\t\t\t\t\t\t\t<p data-start=\"206\" data-end=\"421\" class=\"translation-block\">We <strong>confirm your registration<\/strong> for the doubles competition. <strong>The \u20ac90 package already includes your participation<\/strong> in this competition. We remain at your disposal for any further questions.<\/p>\t\t\t\t\t\t\t\t<\/div>\n\t\t\t\t<\/div>\n\t\t<div class=\"elementor-element elementor-element-490d5ca3 e-con-full e-flex e-con e-child\" data-id=\"490d5ca3\" data-element_type=\"container\" data-e-type=\"container\">\n\t\t\t\t<div class=\"elementor-element elementor-element-3f3e5b6b at-shiny-glass-effect about-us-img at-image-animation at-animation-image-style-1 elementor-widget elementor-widget-image\" data-id=\"3f3e5b6b\" data-element_type=\"widget\" data-e-type=\"widget\" data-settings=\"{&quot;ekit_we_effect_on&quot;:&quot;none&quot;}\" data-widget_type=\"image.default\">\n\t\t\t\t\t\t\t\t\t\t\t\t\t\t\t<img fetchpriority=\"high\" decoding=\"async\" width=\"2272\" height=\"1514\" src=\"https:\/\/www.footgolf.lu\/footgolf.lu\/home\/wp-content\/uploads\/2026\/01\/AB3R4423.jpg\" class=\"attachment-full size-full wp-image-7333\" alt=\"\" srcset=\"https:\/\/www.footgolf.lu\/footgolf.lu\/home\/wp-content\/uploads\/2026\/01\/AB3R4423.jpg 2272w, https:\/\/www.footgolf.lu\/footgolf.lu\/home\/wp-content\/uploads\/2026\/01\/AB3R4423-300x200.jpg 300w, https:\/\/www.footgolf.lu\/footgolf.lu\/home\/wp-content\/uploads\/2026\/01\/AB3R4423-1024x682.jpg 1024w, https:\/\/www.footgolf.lu\/footgolf.lu\/home\/wp-content\/uploads\/2026\/01\/AB3R4423-1536x1024.jpg 1536w, https:\/\/www.footgolf.lu\/footgolf.lu\/home\/wp-content\/uploads\/2026\/01\/AB3R4423-2048x1365.jpg 2048w, https:\/\/www.footgolf.lu\/footgolf.lu\/home\/wp-content\/uploads\/2026\/01\/AB3R4423-600x400.jpg 600w\" sizes=\"(max-width: 2272px) 100vw, 2272px\" \/>\t\t\t\t\t\t\t\t\t\t\t\t\t\t\t<\/div>\n\t\t\t\t<\/div>\n\t\t\t\t\t<\/div>\n\t\t\t\t<\/div>\n\t\t\t\t<\/div>","protected":false},"excerpt":{"rendered":"<p>COMP\u00c9TITION DOUBLE Merci pour votre inscription. Nous vous confirmons votre inscription \u00e0 [&hellip;]<\/p>\n","protected":false},"author":1,"featured_media":0,"parent":0,"menu_order":0,"comment_status":"closed","ping_status":"closed","template":"elementor_header_footer","meta":{"footnotes":""},"class_list":["post-7576","page","type-page","status-publish","hentry"],"yoast_head":"<!-- This site is optimized with the Yoast SEO plugin v27.0 - https:\/\/yoast.com\/product\/yoast-seo-wordpress\/ -->\n<title>TOURNOI INSCRIPTION DOUBLE - F\u00e9d\u00e9ration Luxembourgeoise de FootGolf<\/title>\n<meta name=\"robots\" content=\"index, follow, max-snippet:-1, max-image-preview:large, max-video-preview:-1\" \/>\n<link rel=\"canonical\" href=\"https:\/\/www.footgolf.lu\/en\/inscription-double\/\" \/>\n<meta property=\"og:locale\" content=\"en_US\" \/>\n<meta property=\"og:type\" content=\"article\" \/>\n<meta property=\"og:title\" content=\"TOURNOI INSCRIPTION DOUBLE - F\u00e9d\u00e9ration Luxembourgeoise de FootGolf\" \/>\n<meta property=\"og:description\" content=\"COMP\u00c9TITION DOUBLE Merci pour votre inscription. Nous vous confirmons votre inscription \u00e0 [&hellip;]\" \/>\n<meta property=\"og:url\" content=\"https:\/\/www.footgolf.lu\/en\/inscription-double\/\" \/>\n<meta property=\"og:site_name\" content=\"F\u00e9d\u00e9ration Luxembourgeoise de FootGolf\" \/>\n<meta property=\"article:modified_time\" content=\"2026-01-27T21:11:04+00:00\" \/>\n<meta property=\"og:image\" content=\"https:\/\/www.footgolf.lu\/footgolf.lu\/home\/wp-content\/uploads\/2026\/01\/AB3R4423.jpg\" \/>\n\t<meta property=\"og:image:width\" content=\"2272\" \/>\n\t<meta property=\"og:image:height\" content=\"1514\" \/>\n\t<meta property=\"og:image:type\" content=\"image\/jpeg\" \/>\n<meta name=\"twitter:card\" content=\"summary_large_image\" \/>\n<meta name=\"twitter:label1\" content=\"Est. reading time\" \/>\n\t<meta name=\"twitter:data1\" content=\"1 minute\" \/>\n<script type=\"application\/ld+json\" class=\"yoast-schema-graph\">{\"@context\":\"https:\/\/schema.org\",\"@graph\":[{\"@type\":\"WebPage\",\"@id\":\"https:\/\/www.footgolf.lu\/inscription-double\/\",\"url\":\"https:\/\/www.footgolf.lu\/inscription-double\/\",\"name\":\"TOURNOI INSCRIPTION DOUBLE - F\u00e9d\u00e9ration Luxembourgeoise de FootGolf\",\"isPartOf\":{\"@id\":\"https:\/\/www.footgolf.lu\/#website\"},\"primaryImageOfPage\":{\"@id\":\"https:\/\/www.footgolf.lu\/inscription-double\/#primaryimage\"},\"image\":{\"@id\":\"https:\/\/www.footgolf.lu\/inscription-double\/#primaryimage\"},\"thumbnailUrl\":\"https:\/\/www.footgolf.lu\/footgolf.lu\/home\/wp-content\/uploads\/2026\/01\/AB3R4423.jpg\",\"datePublished\":\"2026-01-27T16:23:27+00:00\",\"dateModified\":\"2026-01-27T21:11:04+00:00\",\"breadcrumb\":{\"@id\":\"https:\/\/www.footgolf.lu\/inscription-double\/#breadcrumb\"},\"inLanguage\":\"en-US\",\"potentialAction\":[{\"@type\":\"ReadAction\",\"target\":[\"https:\/\/www.footgolf.lu\/inscription-double\/\"]}]},{\"@type\":\"ImageObject\",\"inLanguage\":\"en-US\",\"@id\":\"https:\/\/www.footgolf.lu\/inscription-double\/#primaryimage\",\"url\":\"https:\/\/www.footgolf.lu\/footgolf.lu\/home\/wp-content\/uploads\/2026\/01\/AB3R4423.jpg\",\"contentUrl\":\"https:\/\/www.footgolf.lu\/footgolf.lu\/home\/wp-content\/uploads\/2026\/01\/AB3R4423.jpg\"},{\"@type\":\"BreadcrumbList\",\"@id\":\"https:\/\/www.footgolf.lu\/inscription-double\/#breadcrumb\",\"itemListElement\":[{\"@type\":\"ListItem\",\"position\":1,\"name\":\"Accueil\",\"item\":\"https:\/\/www.footgolf.lu\/\"},{\"@type\":\"ListItem\",\"position\":2,\"name\":\"TOURNOI INSCRIPTION DOUBLE\"}]},{\"@type\":\"WebSite\",\"@id\":\"https:\/\/www.footgolf.lu\/#website\",\"url\":\"https:\/\/www.footgolf.lu\/\",\"name\":\"F\u00e9d\u00e9ration Luxembourgeoise de FootGolf\",\"description\":\"FootGolf L\u00ebtzebuerg Federation\",\"publisher\":{\"@id\":\"https:\/\/www.footgolf.lu\/#organization\"},\"potentialAction\":[{\"@type\":\"SearchAction\",\"target\":{\"@type\":\"EntryPoint\",\"urlTemplate\":\"https:\/\/www.footgolf.lu\/?s={search_term_string}\"},\"query-input\":{\"@type\":\"PropertyValueSpecification\",\"valueRequired\":true,\"valueName\":\"search_term_string\"}}],\"inLanguage\":\"en-US\"},{\"@type\":\"Organization\",\"@id\":\"https:\/\/www.footgolf.lu\/#organization\",\"name\":\"F\u00e9d\u00e9ration Luxembourgeoise de FootGolf\",\"url\":\"https:\/\/www.footgolf.lu\/\",\"logo\":{\"@type\":\"ImageObject\",\"inLanguage\":\"en-US\",\"@id\":\"https:\/\/www.footgolf.lu\/#\/schema\/logo\/image\/\",\"url\":\"https:\/\/www.footgolf.lu\/footgolf.lu\/home\/wp-content\/uploads\/2021\/08\/logo.jpg\",\"contentUrl\":\"https:\/\/www.footgolf.lu\/footgolf.lu\/home\/wp-content\/uploads\/2021\/08\/logo.jpg\",\"width\":221,\"height\":200,\"caption\":\"F\u00e9d\u00e9ration Luxembourgeoise de FootGolf\"},\"image\":{\"@id\":\"https:\/\/www.footgolf.lu\/#\/schema\/logo\/image\/\"}}]}<\/script>\n<!-- \/ Yoast SEO plugin. -->","yoast_head_json":{"title":"TOURNOI INSCRIPTION DOUBLE - F\u00e9d\u00e9ration Luxembourgeoise de FootGolf","robots":{"index":"index","follow":"follow","max-snippet":"max-snippet:-1","max-image-preview":"max-image-preview:large","max-video-preview":"max-video-preview:-1"},"canonical":"https:\/\/www.footgolf.lu\/en\/inscription-double\/","og_locale":"en_US","og_type":"article","og_title":"TOURNOI INSCRIPTION DOUBLE - F\u00e9d\u00e9ration Luxembourgeoise de FootGolf","og_description":"COMP\u00c9TITION DOUBLE Merci pour votre inscription. Nous vous confirmons votre inscription \u00e0 [&hellip;]","og_url":"https:\/\/www.footgolf.lu\/en\/inscription-double\/","og_site_name":"F\u00e9d\u00e9ration Luxembourgeoise de FootGolf","article_modified_time":"2026-01-27T21:11:04+00:00","og_image":[{"width":2272,"height":1514,"url":"https:\/\/www.footgolf.lu\/footgolf.lu\/home\/wp-content\/uploads\/2026\/01\/AB3R4423.jpg","type":"image\/jpeg"}],"twitter_card":"summary_large_image","twitter_misc":{"Est. reading time":"1 minute"},"schema":{"@context":"https:\/\/schema.org","@graph":[{"@type":"WebPage","@id":"https:\/\/www.footgolf.lu\/inscription-double\/","url":"https:\/\/www.footgolf.lu\/inscription-double\/","name":"TOURNOI INSCRIPTION DOUBLE - F\u00e9d\u00e9ration Luxembourgeoise de FootGolf","isPartOf":{"@id":"https:\/\/www.footgolf.lu\/#website"},"primaryImageOfPage":{"@id":"https:\/\/www.footgolf.lu\/inscription-double\/#primaryimage"},"image":{"@id":"https:\/\/www.footgolf.lu\/inscription-double\/#primaryimage"},"thumbnailUrl":"https:\/\/www.footgolf.lu\/footgolf.lu\/home\/wp-content\/uploads\/2026\/01\/AB3R4423.jpg","datePublished":"2026-01-27T16:23:27+00:00","dateModified":"2026-01-27T21:11:04+00:00","breadcrumb":{"@id":"https:\/\/www.footgolf.lu\/inscription-double\/#breadcrumb"},"inLanguage":"en-US","potentialAction":[{"@type":"ReadAction","target":["https:\/\/www.footgolf.lu\/inscription-double\/"]}]},{"@type":"ImageObject","inLanguage":"en-US","@id":"https:\/\/www.footgolf.lu\/inscription-double\/#primaryimage","url":"https:\/\/www.footgolf.lu\/footgolf.lu\/home\/wp-content\/uploads\/2026\/01\/AB3R4423.jpg","contentUrl":"https:\/\/www.footgolf.lu\/footgolf.lu\/home\/wp-content\/uploads\/2026\/01\/AB3R4423.jpg"},{"@type":"BreadcrumbList","@id":"https:\/\/www.footgolf.lu\/inscription-double\/#breadcrumb","itemListElement":[{"@type":"ListItem","position":1,"name":"Accueil","item":"https:\/\/www.footgolf.lu\/"},{"@type":"ListItem","position":2,"name":"TOURNOI INSCRIPTION DOUBLE"}]},{"@type":"WebSite","@id":"https:\/\/www.footgolf.lu\/#website","url":"https:\/\/www.footgolf.lu\/","name":"F\u00e9d\u00e9ration Luxembourgeoise de FootGolf","description":"FootGolf L\u00ebtzebuerg Federation","publisher":{"@id":"https:\/\/www.footgolf.lu\/#organization"},"potentialAction":[{"@type":"SearchAction","target":{"@type":"EntryPoint","urlTemplate":"https:\/\/www.footgolf.lu\/?s={search_term_string}"},"query-input":{"@type":"PropertyValueSpecification","valueRequired":true,"valueName":"search_term_string"}}],"inLanguage":"en-US"},{"@type":"Organization","@id":"https:\/\/www.footgolf.lu\/#organization","name":"F\u00e9d\u00e9ration Luxembourgeoise de FootGolf","url":"https:\/\/www.footgolf.lu\/","logo":{"@type":"ImageObject","inLanguage":"en-US","@id":"https:\/\/www.footgolf.lu\/#\/schema\/logo\/image\/","url":"https:\/\/www.footgolf.lu\/footgolf.lu\/home\/wp-content\/uploads\/2021\/08\/logo.jpg","contentUrl":"https:\/\/www.footgolf.lu\/footgolf.lu\/home\/wp-content\/uploads\/2021\/08\/logo.jpg","width":221,"height":200,"caption":"F\u00e9d\u00e9ration Luxembourgeoise de FootGolf"},"image":{"@id":"https:\/\/www.footgolf.lu\/#\/schema\/logo\/image\/"}}]}},"_links":{"self":[{"href":"https:\/\/www.footgolf.lu\/en\/wp-json\/wp\/v2\/pages\/7576","targetHints":{"allow":["GET"]}}],"collection":[{"href":"https:\/\/www.footgolf.lu\/en\/wp-json\/wp\/v2\/pages"}],"about":[{"href":"https:\/\/www.footgolf.lu\/en\/wp-json\/wp\/v2\/types\/page"}],"author":[{"embeddable":true,"href":"https:\/\/www.footgolf.lu\/en\/wp-json\/wp\/v2\/users\/1"}],"replies":[{"embeddable":true,"href":"https:\/\/www.footgolf.lu\/en\/wp-json\/wp\/v2\/comments?post=7576"}],"version-history":[{"count":16,"href":"https:\/\/www.footgolf.lu\/en\/wp-json\/wp\/v2\/pages\/7576\/revisions"}],"predecessor-version":[{"id":7608,"href":"https:\/\/www.footgolf.lu\/en\/wp-json\/wp\/v2\/pages\/7576\/revisions\/7608"}],"wp:attachment":[{"href":"https:\/\/www.footgolf.lu\/en\/wp-json\/wp\/v2\/media?parent=7576"}],"curies":[{"name":"wp","href":"https:\/\/api.w.org\/{rel}","templated":true}]}}