{"id":7458,"date":"2026-01-26T16:07:14","date_gmt":"2026-01-26T15:07:14","guid":{"rendered":"https:\/\/www.footgolf.lu\/?page_id=7458"},"modified":"2026-01-26T16:34:41","modified_gmt":"2026-01-26T15:34:41","slug":"politique-de-confidentialite","status":"publish","type":"page","link":"https:\/\/www.footgolf.lu\/en\/politique-de-confidentialite\/","title":{"rendered":"POLITIQUE DE CONFIDENTIALIT\u00c9"},"content":{"rendered":"<div data-elementor-type=\"wp-page\" data-elementor-id=\"7458\" class=\"elementor elementor-7458\" data-elementor-post-type=\"page\">\n\t\t\t\t<div class=\"elementor-element elementor-element-67b3ea8b e-flex e-con-boxed e-con e-parent\" data-id=\"67b3ea8b\" data-element_type=\"container\" data-e-type=\"container\" data-settings=\"{&quot;background_background&quot;:&quot;classic&quot;}\">\n\t\t\t\t\t<div class=\"e-con-inner\">\n\t\t\t\t\t<\/div>\n\t\t\t\t<\/div>\n\t\t<div class=\"elementor-element elementor-element-6b48ce05 e-flex e-con-boxed e-con e-parent\" data-id=\"6b48ce05\" data-element_type=\"container\" data-e-type=\"container\">\n\t\t\t\t\t<div class=\"e-con-inner\">\n\t\t<div class=\"elementor-element elementor-element-7ce0d9d4 e-con-full e-flex e-con e-child\" data-id=\"7ce0d9d4\" data-element_type=\"container\" data-e-type=\"container\">\n\t\t\t\t<div class=\"elementor-element elementor-element-59069cc1 section-title at-heading-animation at-animation-heading-none elementor-invisible elementor-widget elementor-widget-heading\" data-id=\"59069cc1\" data-element_type=\"widget\" data-e-type=\"widget\" data-settings=\"{&quot;_animation&quot;:&quot;fadeInUp&quot;,&quot;_animation_delay&quot;:100,&quot;ekit_we_effect_on&quot;:&quot;none&quot;}\" data-widget_type=\"heading.default\">\n\t\t\t\t\t<h3 class=\"elementor-heading-title elementor-size-default\">POLITIQUE DE CONFIDENTIALIt\u00e9<\/h3>\t\t\t\t<\/div>\n\t\t\t\t<div class=\"elementor-element elementor-element-22d2e61a elementor-invisible elementor-widget elementor-widget-text-editor\" data-id=\"22d2e61a\" data-element_type=\"widget\" data-e-type=\"widget\" data-settings=\"{&quot;_animation&quot;:&quot;fadeInUp&quot;,&quot;_animation_delay&quot;:200,&quot;ekit_we_effect_on&quot;:&quot;none&quot;}\" data-widget_type=\"text-editor.default\">\n\t\t\t\t\t\t\t\t\t<p data-start=\"421\" data-end=\"446\"><strong>Article 1 : Pr\u00e9ambule<\/strong><\/p><p data-start=\"448\" data-end=\"604\">La pr\u00e9sente politique de confidentialit\u00e9 s\u2019applique au site internet : <a class=\"decorated-link\" href=\"https:\/\/www.footgolf.lu\/en\/\" target=\"_new\" rel=\"noopener\" data-start=\"519\" data-end=\"542\">https:\/\/www.footgolf.lu<\/a>.<br data-start=\"543\" data-end=\"546\" \/>Elle a pour objectif d\u2019informer les utilisateurs du site :<\/p><ul data-start=\"606\" data-end=\"1124\"><li data-start=\"606\" data-end=\"886\"><p data-start=\"608\" data-end=\"886\">De la mani\u00e8re dont leurs donn\u00e9es \u00e0 caract\u00e8re personnel sont collect\u00e9es et trait\u00e9es. Sont consid\u00e9r\u00e9es comme donn\u00e9es personnelles toutes les donn\u00e9es permettant d\u2019identifier un utilisateur, notamment : nom, pr\u00e9nom, \u00e2ge, adresse postale, adresse e-mail, localisation ou adresse IP ;<\/p><\/li><li data-start=\"887\" data-end=\"971\"><p data-start=\"889\" data-end=\"971\">Des droits dont disposent les utilisateurs concernant leurs donn\u00e9es personnelles ;<\/p><\/li><li data-start=\"972\" data-end=\"1030\"><p data-start=\"974\" data-end=\"1030\">De l\u2019identit\u00e9 du responsable du traitement des donn\u00e9es ;<\/p><\/li><li data-start=\"1031\" data-end=\"1075\"><p data-start=\"1033\" data-end=\"1075\">Des destinataires des donn\u00e9es collect\u00e9es ;<\/p><\/li><li data-start=\"1076\" data-end=\"1124\"><p data-start=\"1078\" data-end=\"1124\">De la politique du site en mati\u00e8re de cookies.<\/p><\/li><\/ul><p data-start=\"1126\" data-end=\"1302\">Cette politique compl\u00e8te les mentions l\u00e9gales et les conditions g\u00e9n\u00e9rales d\u2019utilisation consultables \u00e0 l\u2019adresse suivante :<br data-start=\"1249\" data-end=\"1252\" \/><a class=\"decorated-link\" href=\"https:\/\/www.footgolf.lu\/en\/politique-confidentialite\/\" target=\"_new\" rel=\"noopener\" data-start=\"1252\" data-end=\"1302\">https:\/\/www.footgolf.lu\/politique-confidentialite\/<\/a><\/p><p data-start=\"1309\" data-end=\"1384\"><strong>Article 2 : Principes g\u00e9n\u00e9raux de collecte et de traitement des donn\u00e9es<\/strong><\/p><p data-start=\"1386\" data-end=\"1548\">Conform\u00e9ment \u00e0 l\u2019article 5 du R\u00e8glement (UE) 2016\/679 (RGPD), les donn\u00e9es personnelles des utilisateurs sont collect\u00e9es et trait\u00e9es selon les principes suivants :<\/p><ul data-start=\"1550\" data-end=\"2248\"><li data-start=\"1550\" data-end=\"1706\"><p data-start=\"1552\" data-end=\"1706\"><strong data-start=\"1552\" data-end=\"1588\">Lic\u00e9it\u00e9, loyaut\u00e9 et transparence<\/strong> : les donn\u00e9es sont collect\u00e9es avec le consentement de l\u2019utilisateur, lequel est inform\u00e9 des finalit\u00e9s du traitement ;<\/p><\/li><li data-start=\"1707\" data-end=\"1816\"><p data-start=\"1709\" data-end=\"1816\"><strong data-start=\"1709\" data-end=\"1747\">Finalit\u00e9s d\u00e9termin\u00e9es et l\u00e9gitimes<\/strong> : les donn\u00e9es sont collect\u00e9es pour r\u00e9pondre \u00e0 des objectifs pr\u00e9cis ;<\/p><\/li><li data-start=\"1817\" data-end=\"1910\"><p data-start=\"1819\" data-end=\"1910\"><strong data-start=\"1819\" data-end=\"1847\">Minimisation des donn\u00e9es<\/strong> : seules les donn\u00e9es strictement n\u00e9cessaires sont collect\u00e9es ;<\/p><\/li><li data-start=\"1911\" data-end=\"2121\"><p data-start=\"1913\" data-end=\"2121\"><strong data-start=\"1913\" data-end=\"1946\">Limitation de la conservation<\/strong> : les donn\u00e9es sont conserv\u00e9es uniquement pendant la dur\u00e9e n\u00e9cessaire \u00e0 leur traitement ou pour satisfaire aux obligations l\u00e9gales (ex. : obligations comptables et fiscales) ;<\/p><\/li><li data-start=\"2122\" data-end=\"2248\"><p data-start=\"2124\" data-end=\"2248\"><strong data-start=\"2124\" data-end=\"2156\">Int\u00e9grit\u00e9 et confidentialit\u00e9<\/strong> : toutes les mesures n\u00e9cessaires sont mises en \u0153uvre pour garantir la s\u00e9curit\u00e9 des donn\u00e9es.<\/p><\/li><\/ul><p data-start=\"2250\" data-end=\"2341\">Le traitement des donn\u00e9es personnelles repose sur l\u2019un des fondements juridiques suivants :<\/p><ul data-start=\"2342\" data-end=\"2555\"><li data-start=\"2342\" data-end=\"2378\"><p data-start=\"2344\" data-end=\"2378\">Le consentement de l\u2019utilisateur ;<\/p><\/li><li data-start=\"2379\" data-end=\"2407\"><p data-start=\"2381\" data-end=\"2407\">L\u2019ex\u00e9cution d\u2019un contrat ;<\/p><\/li><li data-start=\"2408\" data-end=\"2433\"><p data-start=\"2410\" data-end=\"2433\">Une obligation l\u00e9gale ;<\/p><\/li><li data-start=\"2434\" data-end=\"2471\"><p data-start=\"2436\" data-end=\"2471\">La sauvegarde des int\u00e9r\u00eats vitaux ;<\/p><\/li><li data-start=\"2472\" data-end=\"2504\"><p data-start=\"2474\" data-end=\"2504\">Une mission d\u2019int\u00e9r\u00eat public ;<\/p><\/li><li data-start=\"2505\" data-end=\"2555\"><p data-start=\"2507\" data-end=\"2555\">L\u2019int\u00e9r\u00eat l\u00e9gitime du responsable du traitement.<\/p><\/li><\/ul><p data-start=\"2562\" data-end=\"2621\"><strong>Article 3 : Donn\u00e9es personnelles collect\u00e9es et trait\u00e9es<\/strong><\/p><p data-start=\"2623\" data-end=\"2650\">3.1 Donn\u00e9es collect\u00e9es<\/p><p data-start=\"2652\" data-end=\"2699\">Les donn\u00e9es suivantes peuvent \u00eatre collect\u00e9es :<\/p><ul data-start=\"2700\" data-end=\"2898\"><li data-start=\"2700\" data-end=\"2715\"><p data-start=\"2702\" data-end=\"2715\">Nom, pr\u00e9nom<\/p><\/li><li data-start=\"2716\" data-end=\"2739\"><p data-start=\"2718\" data-end=\"2739\">Phone<\/p><\/li><li data-start=\"2740\" data-end=\"2759\"><p data-start=\"2742\" data-end=\"2759\">Postal address<\/p><\/li><li data-start=\"2760\" data-end=\"2778\"><p data-start=\"2762\" data-end=\"2778\">Adresse e-mail<\/p><\/li><li data-start=\"2779\" data-end=\"2794\"><p data-start=\"2781\" data-end=\"2794\">Code postal<\/p><\/li><li data-start=\"2795\" data-end=\"2818\"><p data-start=\"2797\" data-end=\"2818\">Donn\u00e9es de commande<\/p><\/li><li data-start=\"2819\" data-end=\"2841\"><p data-start=\"2821\" data-end=\"2841\">Articles du panier<\/p><\/li><li data-start=\"2842\" data-end=\"2856\"><p data-start=\"2844\" data-end=\"2856\">Adresse IP<\/p><\/li><li data-start=\"2857\" data-end=\"2879\"><p data-start=\"2859\" data-end=\"2879\">Type de navigateur<\/p><\/li><li data-start=\"2880\" data-end=\"2898\"><p data-start=\"2882\" data-end=\"2898\">Pages consult\u00e9es<\/p><\/li><\/ul><p data-start=\"2900\" data-end=\"2951\">Ces donn\u00e9es sont collect\u00e9es lorsque l\u2019utilisateur :<\/p><ul data-start=\"2952\" data-end=\"3077\"><li data-start=\"2952\" data-end=\"2986\"><p data-start=\"2954\" data-end=\"2986\">Passe une commande sur le site ;<\/p><\/li><li data-start=\"2987\" data-end=\"3023\"><p data-start=\"2989\" data-end=\"3023\">Remplit un formulaire de contact ;<\/p><\/li><li data-start=\"3024\" data-end=\"3054\"><p data-start=\"3026\" data-end=\"3054\">Cr\u00e9e un compte utilisateur ;<\/p><\/li><li data-start=\"3055\" data-end=\"3077\"><p data-start=\"3057\" data-end=\"3077\">Navigue sur le site.<\/p><\/li><\/ul><p data-start=\"3079\" data-end=\"3171\">Lors d\u2019un paiement, une preuve de la transaction (bon de commande et facture) est conserv\u00e9e.<\/p><p data-start=\"3173\" data-end=\"3205\">3.2 Finalit\u00e9s du traitement<\/p><p data-start=\"3207\" data-end=\"3240\">Les donn\u00e9es sont utilis\u00e9es pour :<\/p><ul data-start=\"3241\" data-end=\"3379\"><li data-start=\"3241\" data-end=\"3284\"><p data-start=\"3243\" data-end=\"3284\">Le traitement et le suivi des commandes ;<\/p><\/li><li data-start=\"3285\" data-end=\"3314\"><p data-start=\"3287\" data-end=\"3314\">L\u2019exp\u00e9dition des produits ;<\/p><\/li><li data-start=\"3315\" data-end=\"3379\"><p data-start=\"3317\" data-end=\"3379\">La r\u00e9ponse aux demandes envoy\u00e9es via le formulaire de contact.<\/p><\/li><\/ul><p data-start=\"3381\" data-end=\"3414\">3.3 Transmission \u00e0 des tiers<\/p><p data-start=\"3416\" data-end=\"3527\">Les donn\u00e9es personnelles ne sont transmises \u00e0 aucun tiers et sont trait\u00e9es exclusivement par l\u2019\u00e9diteur du site.<\/p><p data-start=\"3529\" data-end=\"3561\">3.4 H\u00e9bergement des donn\u00e9es<\/p><p data-start=\"3563\" data-end=\"3661\">Le site est h\u00e9berg\u00e9 par :<br data-start=\"3588\" data-end=\"3591\" \/><strong data-start=\"3591\" data-end=\"3598\">OVH<\/strong><br data-start=\"3598\" data-end=\"3601\" \/>2 rue Kellermann \u2013 59100 Roubaix \u2013 France<br data-start=\"3642\" data-end=\"3645\" \/>T\u00e9l\u00e9phone : 1007<\/p><p data-start=\"3668\" data-end=\"3721\"><strong>Article 4 : Responsable du traitement des donn\u00e9es<\/strong><\/p><p data-start=\"3723\" data-end=\"3864\">Le responsable du traitement des donn\u00e9es personnelles est : <strong data-start=\"3783\" data-end=\"3790\">OVH<\/strong>.<br data-start=\"3791\" data-end=\"3794\" \/>Il d\u00e9termine les finalit\u00e9s et les moyens du traitement et s\u2019engage \u00e0 :<\/p><ul data-start=\"3866\" data-end=\"4117\"><li data-start=\"3866\" data-end=\"3901\"><p data-start=\"3868\" data-end=\"3901\">Prot\u00e9ger les donn\u00e9es collect\u00e9es ;<\/p><\/li><li data-start=\"3902\" data-end=\"3967\"><p data-start=\"3904\" data-end=\"3967\">Ne pas les transmettre \u00e0 des tiers sans information pr\u00e9alable ;<\/p><\/li><li data-start=\"3968\" data-end=\"4030\"><p data-start=\"3970\" data-end=\"4030\">Garantir la s\u00e9curit\u00e9 des donn\u00e9es gr\u00e2ce \u00e0 un certificat SSL ;<\/p><\/li><li data-start=\"4031\" data-end=\"4117\"><p data-start=\"4033\" data-end=\"4117\">Informer l\u2019utilisateur en cas de violation, rectification ou suppression de donn\u00e9es.<\/p><\/li><\/ul><p data-start=\"4124\" data-end=\"4163\"><strong>Article 5 : Droits des utilisateurs<\/strong><\/p><p data-start=\"4165\" data-end=\"4253\">Conform\u00e9ment \u00e0 la r\u00e9glementation en vigueur, l\u2019utilisateur dispose des droits suivants :<\/p><ul data-start=\"4255\" data-end=\"4559\"><li data-start=\"4255\" data-end=\"4320\"><p data-start=\"4257\" data-end=\"4320\">Droit d\u2019acc\u00e8s, de rectification et de suppression des donn\u00e9es ;<\/p><\/li><li data-start=\"4321\" data-end=\"4378\"><p data-start=\"4323\" data-end=\"4378\">Droit \u00e0 la limitation ou \u00e0 l\u2019opposition du traitement ;<\/p><\/li><li data-start=\"4379\" data-end=\"4439\"><p data-start=\"4381\" data-end=\"4439\">Droit de ne pas faire l\u2019objet d\u2019une d\u00e9cision automatis\u00e9e ;<\/p><\/li><li data-start=\"4440\" data-end=\"4499\"><p data-start=\"4442\" data-end=\"4499\">Droit de d\u00e9finir le sort de ses donn\u00e9es apr\u00e8s son d\u00e9c\u00e8s ;<\/p><\/li><li data-start=\"4500\" data-end=\"4559\"><p data-start=\"4502\" data-end=\"4559\">Droit de saisir l\u2019autorit\u00e9 de contr\u00f4le comp\u00e9tente (CNIL).<\/p><\/li><\/ul><p data-start=\"4561\" data-end=\"4666\">Toute demande doit \u00eatre adress\u00e9e par e-mail \u00e0 : <strong data-start=\"4609\" data-end=\"4629\"><a class=\"decorated-link cursor-pointer\" rel=\"noopener\" data-start=\"4611\" data-end=\"4627\">play@footgolf.lu<\/a><\/strong>, en pr\u00e9cisant l\u2019objet de la demande.<\/p><p data-start=\"4673\" data-end=\"4721\"><strong>Article 6 : Donn\u00e9es personnelles des mineurs<\/strong><\/p><p data-start=\"4723\" data-end=\"4937\">Conform\u00e9ment \u00e0 la r\u00e9glementation, seuls les mineurs \u00e2g\u00e9s de 15 ans ou plus peuvent consentir seuls au traitement de leurs donn\u00e9es.<br data-start=\"4853\" data-end=\"4856\" \/>Pour les mineurs de moins de 15 ans, l\u2019accord d\u2019un repr\u00e9sentant l\u00e9gal est requis.<\/p><p data-start=\"4944\" data-end=\"4983\"><strong>Article 7 : Utilisation des cookies<\/strong><\/p><p data-start=\"4985\" data-end=\"5022\">Le site utilise des cookies afin de :<\/p><ul data-start=\"5023\" data-end=\"5106\"><li data-start=\"5023\" data-end=\"5050\"><p data-start=\"5025\" data-end=\"5050\">Am\u00e9liorer la navigation ;<\/p><\/li><li data-start=\"5051\" data-end=\"5073\"><p data-start=\"5053\" data-end=\"5073\">Mesurer l\u2019audience ;<\/p><\/li><li data-start=\"5074\" data-end=\"5106\"><p data-start=\"5076\" data-end=\"5106\">Faciliter les achats en ligne.<\/p><\/li><\/ul><p data-start=\"5108\" data-end=\"5267\">L\u2019utilisateur peut refuser ou configurer les cookies via son navigateur. La d\u00e9sactivation des cookies peut toutefois alt\u00e9rer certaines fonctionnalit\u00e9s du site.<\/p><p data-start=\"5269\" data-end=\"5309\">Les cookies utilis\u00e9s peuvent concerner :<\/p><ul data-start=\"5310\" data-end=\"5430\"><li data-start=\"5310\" data-end=\"5336\"><p data-start=\"5312\" data-end=\"5336\">Les produits consult\u00e9s ;<\/p><\/li><li data-start=\"5337\" data-end=\"5372\"><p data-start=\"5339\" data-end=\"5372\">La localisation et l\u2019adresse IP ;<\/p><\/li><li data-start=\"5373\" data-end=\"5406\"><p data-start=\"5375\" data-end=\"5406\">Les informations de livraison ;<\/p><\/li><li data-start=\"5407\" data-end=\"5430\"><p data-start=\"5409\" data-end=\"5430\">Le contenu du panier.<\/p><\/li><\/ul><p data-start=\"5437\" data-end=\"5500\"><strong>Article 8 : Modification de la politique de confidentialit\u00e9<\/strong><\/p><p data-start=\"5502\" data-end=\"5673\">La pr\u00e9sente politique peut \u00eatre modifi\u00e9e \u00e0 tout moment.<br data-start=\"5557\" data-end=\"5560\" \/>La version en vigueur est consultable \u00e0 l\u2019adresse suivante :<br data-start=\"5620\" data-end=\"5623\" \/><a class=\"decorated-link\" href=\"https:\/\/www.footgolf.lu\/en\/politique-confidentialite\/\" target=\"_new\" rel=\"noopener\" data-start=\"5623\" data-end=\"5673\">https:\/\/www.footgolf.lu\/politique-confidentialite\/<\/a><\/p>\t\t\t\t\t\t\t\t<\/div>\n\t\t\t\t<\/div>\n\t\t\t\t\t<\/div>\n\t\t\t\t<\/div>\n\t\t\t\t<\/div>","protected":false},"excerpt":{"rendered":"<p>POLITIQUE DE CONFIDENTIALIt\u00e9 Article 1 : Pr\u00e9ambule La pr\u00e9sente politique de confidentialit\u00e9 [&hellip;]<\/p>\n","protected":false},"author":1,"featured_media":0,"parent":0,"menu_order":0,"comment_status":"closed","ping_status":"closed","template":"elementor_header_footer","meta":{"footnotes":""},"class_list":["post-7458","page","type-page","status-publish","hentry"],"yoast_head":"<!-- This site is optimized with the Yoast SEO plugin v27.0 - https:\/\/yoast.com\/product\/yoast-seo-wordpress\/ -->\n<title>Politique de confidentialit\u00e9 | FootGolf Luxembourg<\/title>\n<meta name=\"description\" content=\"D\u00e9couvrez comment FootGolf Luxembourg collecte, utilise et prot\u00e8ge vos donn\u00e9es personnelles conform\u00e9ment au RGPD.\" \/>\n<meta name=\"robots\" content=\"index, follow, max-snippet:-1, max-image-preview:large, max-video-preview:-1\" \/>\n<link rel=\"canonical\" href=\"https:\/\/www.footgolf.lu\/en\/politique-de-confidentialite\/\" \/>\n<meta property=\"og:locale\" content=\"en_US\" \/>\n<meta property=\"og:type\" content=\"article\" \/>\n<meta property=\"og:title\" content=\"Politique de confidentialit\u00e9 | FootGolf Luxembourg\" \/>\n<meta property=\"og:description\" content=\"D\u00e9couvrez comment FootGolf Luxembourg collecte, utilise et prot\u00e8ge vos donn\u00e9es personnelles conform\u00e9ment au RGPD.\" \/>\n<meta property=\"og:url\" content=\"https:\/\/www.footgolf.lu\/en\/politique-de-confidentialite\/\" \/>\n<meta property=\"og:site_name\" content=\"F\u00e9d\u00e9ration Luxembourgeoise de FootGolf\" \/>\n<meta property=\"article:modified_time\" content=\"2026-01-26T15:34:41+00:00\" \/>\n<meta name=\"twitter:card\" content=\"summary_large_image\" \/>\n<meta name=\"twitter:label1\" content=\"Est. reading time\" \/>\n\t<meta name=\"twitter:data1\" content=\"4 minutes\" \/>\n<script type=\"application\/ld+json\" class=\"yoast-schema-graph\">{\"@context\":\"https:\/\/schema.org\",\"@graph\":[{\"@type\":\"WebPage\",\"@id\":\"https:\/\/www.footgolf.lu\/politique-de-confidentialite\/\",\"url\":\"https:\/\/www.footgolf.lu\/politique-de-confidentialite\/\",\"name\":\"Politique de confidentialit\u00e9 | FootGolf Luxembourg\",\"isPartOf\":{\"@id\":\"https:\/\/www.footgolf.lu\/#website\"},\"datePublished\":\"2026-01-26T15:07:14+00:00\",\"dateModified\":\"2026-01-26T15:34:41+00:00\",\"description\":\"D\u00e9couvrez comment FootGolf Luxembourg collecte, utilise et prot\u00e8ge vos donn\u00e9es personnelles conform\u00e9ment au RGPD.\",\"breadcrumb\":{\"@id\":\"https:\/\/www.footgolf.lu\/politique-de-confidentialite\/#breadcrumb\"},\"inLanguage\":\"en-US\",\"potentialAction\":[{\"@type\":\"ReadAction\",\"target\":[\"https:\/\/www.footgolf.lu\/politique-de-confidentialite\/\"]}]},{\"@type\":\"BreadcrumbList\",\"@id\":\"https:\/\/www.footgolf.lu\/politique-de-confidentialite\/#breadcrumb\",\"itemListElement\":[{\"@type\":\"ListItem\",\"position\":1,\"name\":\"Accueil\",\"item\":\"https:\/\/www.footgolf.lu\/\"},{\"@type\":\"ListItem\",\"position\":2,\"name\":\"POLITIQUE DE CONFIDENTIALIT\u00c9\"}]},{\"@type\":\"WebSite\",\"@id\":\"https:\/\/www.footgolf.lu\/#website\",\"url\":\"https:\/\/www.footgolf.lu\/\",\"name\":\"F\u00e9d\u00e9ration Luxembourgeoise de FootGolf\",\"description\":\"FootGolf L\u00ebtzebuerg Federation\",\"publisher\":{\"@id\":\"https:\/\/www.footgolf.lu\/#organization\"},\"potentialAction\":[{\"@type\":\"SearchAction\",\"target\":{\"@type\":\"EntryPoint\",\"urlTemplate\":\"https:\/\/www.footgolf.lu\/?s={search_term_string}\"},\"query-input\":{\"@type\":\"PropertyValueSpecification\",\"valueRequired\":true,\"valueName\":\"search_term_string\"}}],\"inLanguage\":\"en-US\"},{\"@type\":\"Organization\",\"@id\":\"https:\/\/www.footgolf.lu\/#organization\",\"name\":\"F\u00e9d\u00e9ration Luxembourgeoise de FootGolf\",\"url\":\"https:\/\/www.footgolf.lu\/\",\"logo\":{\"@type\":\"ImageObject\",\"inLanguage\":\"en-US\",\"@id\":\"https:\/\/www.footgolf.lu\/#\/schema\/logo\/image\/\",\"url\":\"https:\/\/www.footgolf.lu\/footgolf.lu\/home\/wp-content\/uploads\/2021\/08\/logo.jpg\",\"contentUrl\":\"https:\/\/www.footgolf.lu\/footgolf.lu\/home\/wp-content\/uploads\/2021\/08\/logo.jpg\",\"width\":221,\"height\":200,\"caption\":\"F\u00e9d\u00e9ration Luxembourgeoise de FootGolf\"},\"image\":{\"@id\":\"https:\/\/www.footgolf.lu\/#\/schema\/logo\/image\/\"}}]}<\/script>\n<!-- \/ Yoast SEO plugin. -->","yoast_head_json":{"title":"Politique de confidentialit\u00e9 | FootGolf Luxembourg","description":"D\u00e9couvrez comment FootGolf Luxembourg collecte, utilise et prot\u00e8ge vos donn\u00e9es personnelles conform\u00e9ment au RGPD.","robots":{"index":"index","follow":"follow","max-snippet":"max-snippet:-1","max-image-preview":"max-image-preview:large","max-video-preview":"max-video-preview:-1"},"canonical":"https:\/\/www.footgolf.lu\/en\/politique-de-confidentialite\/","og_locale":"en_US","og_type":"article","og_title":"Politique de confidentialit\u00e9 | FootGolf Luxembourg","og_description":"D\u00e9couvrez comment FootGolf Luxembourg collecte, utilise et prot\u00e8ge vos donn\u00e9es personnelles conform\u00e9ment au RGPD.","og_url":"https:\/\/www.footgolf.lu\/en\/politique-de-confidentialite\/","og_site_name":"F\u00e9d\u00e9ration Luxembourgeoise de FootGolf","article_modified_time":"2026-01-26T15:34:41+00:00","twitter_card":"summary_large_image","twitter_misc":{"Est. reading time":"4 minutes"},"schema":{"@context":"https:\/\/schema.org","@graph":[{"@type":"WebPage","@id":"https:\/\/www.footgolf.lu\/politique-de-confidentialite\/","url":"https:\/\/www.footgolf.lu\/politique-de-confidentialite\/","name":"Politique de confidentialit\u00e9 | FootGolf Luxembourg","isPartOf":{"@id":"https:\/\/www.footgolf.lu\/#website"},"datePublished":"2026-01-26T15:07:14+00:00","dateModified":"2026-01-26T15:34:41+00:00","description":"D\u00e9couvrez comment FootGolf Luxembourg collecte, utilise et prot\u00e8ge vos donn\u00e9es personnelles conform\u00e9ment au RGPD.","breadcrumb":{"@id":"https:\/\/www.footgolf.lu\/politique-de-confidentialite\/#breadcrumb"},"inLanguage":"en-US","potentialAction":[{"@type":"ReadAction","target":["https:\/\/www.footgolf.lu\/politique-de-confidentialite\/"]}]},{"@type":"BreadcrumbList","@id":"https:\/\/www.footgolf.lu\/politique-de-confidentialite\/#breadcrumb","itemListElement":[{"@type":"ListItem","position":1,"name":"Accueil","item":"https:\/\/www.footgolf.lu\/"},{"@type":"ListItem","position":2,"name":"POLITIQUE DE CONFIDENTIALIT\u00c9"}]},{"@type":"WebSite","@id":"https:\/\/www.footgolf.lu\/#website","url":"https:\/\/www.footgolf.lu\/","name":"F\u00e9d\u00e9ration Luxembourgeoise de FootGolf","description":"FootGolf L\u00ebtzebuerg Federation","publisher":{"@id":"https:\/\/www.footgolf.lu\/#organization"},"potentialAction":[{"@type":"SearchAction","target":{"@type":"EntryPoint","urlTemplate":"https:\/\/www.footgolf.lu\/?s={search_term_string}"},"query-input":{"@type":"PropertyValueSpecification","valueRequired":true,"valueName":"search_term_string"}}],"inLanguage":"en-US"},{"@type":"Organization","@id":"https:\/\/www.footgolf.lu\/#organization","name":"F\u00e9d\u00e9ration Luxembourgeoise de FootGolf","url":"https:\/\/www.footgolf.lu\/","logo":{"@type":"ImageObject","inLanguage":"en-US","@id":"https:\/\/www.footgolf.lu\/#\/schema\/logo\/image\/","url":"https:\/\/www.footgolf.lu\/footgolf.lu\/home\/wp-content\/uploads\/2021\/08\/logo.jpg","contentUrl":"https:\/\/www.footgolf.lu\/footgolf.lu\/home\/wp-content\/uploads\/2021\/08\/logo.jpg","width":221,"height":200,"caption":"F\u00e9d\u00e9ration Luxembourgeoise de FootGolf"},"image":{"@id":"https:\/\/www.footgolf.lu\/#\/schema\/logo\/image\/"}}]}},"_links":{"self":[{"href":"https:\/\/www.footgolf.lu\/en\/wp-json\/wp\/v2\/pages\/7458","targetHints":{"allow":["GET"]}}],"collection":[{"href":"https:\/\/www.footgolf.lu\/en\/wp-json\/wp\/v2\/pages"}],"about":[{"href":"https:\/\/www.footgolf.lu\/en\/wp-json\/wp\/v2\/types\/page"}],"author":[{"embeddable":true,"href":"https:\/\/www.footgolf.lu\/en\/wp-json\/wp\/v2\/users\/1"}],"replies":[{"embeddable":true,"href":"https:\/\/www.footgolf.lu\/en\/wp-json\/wp\/v2\/comments?post=7458"}],"version-history":[{"count":8,"href":"https:\/\/www.footgolf.lu\/en\/wp-json\/wp\/v2\/pages\/7458\/revisions"}],"predecessor-version":[{"id":7483,"href":"https:\/\/www.footgolf.lu\/en\/wp-json\/wp\/v2\/pages\/7458\/revisions\/7483"}],"wp:attachment":[{"href":"https:\/\/www.footgolf.lu\/en\/wp-json\/wp\/v2\/media?parent=7458"}],"curies":[{"name":"wp","href":"https:\/\/api.w.org\/{rel}","templated":true}]}}