{"id":7432,"date":"2026-01-20T14:08:22","date_gmt":"2026-01-20T13:08:22","guid":{"rendered":"https:\/\/www.footgolf.lu\/?page_id=7432"},"modified":"2026-01-26T16:30:23","modified_gmt":"2026-01-26T15:30:23","slug":"presse","status":"publish","type":"page","link":"https:\/\/www.footgolf.lu\/en\/presse\/","title":{"rendered":"PRESS"},"content":{"rendered":"<div data-elementor-type=\"wp-page\" data-elementor-id=\"7432\" class=\"elementor elementor-7432\" data-elementor-post-type=\"page\">\n\t\t\t\t<div class=\"elementor-element elementor-element-5883668d e-flex e-con-boxed e-con e-parent\" data-id=\"5883668d\" data-element_type=\"container\" data-e-type=\"container\" data-settings=\"{&quot;background_background&quot;:&quot;classic&quot;}\">\n\t\t\t\t\t<div class=\"e-con-inner\">\n\t\t\t\t\t<\/div>\n\t\t\t\t<\/div>\n\t\t<div class=\"elementor-element elementor-element-7c3633a4 e-flex e-con-boxed e-con e-parent\" data-id=\"7c3633a4\" data-element_type=\"container\" data-e-type=\"container\">\n\t\t\t\t\t<div class=\"e-con-inner\">\n\t\t<div class=\"elementor-element elementor-element-208a9f53 e-con-full e-flex e-con e-child\" data-id=\"208a9f53\" data-element_type=\"container\" data-e-type=\"container\">\n\t\t\t\t<div class=\"elementor-element elementor-element-21527a3d section-title at-heading-animation at-animation-heading-none elementor-invisible elementor-widget elementor-widget-heading\" data-id=\"21527a3d\" data-element_type=\"widget\" data-e-type=\"widget\" data-settings=\"{&quot;_animation&quot;:&quot;fadeInUp&quot;,&quot;_animation_delay&quot;:100,&quot;ekit_we_effect_on&quot;:&quot;none&quot;}\" data-widget_type=\"heading.default\">\n\t\t\t\t\t<h3 class=\"elementor-heading-title elementor-size-default\">PRESS<\/h3>\t\t\t\t<\/div>\n\t\t\t\t<div class=\"elementor-element elementor-element-1368836c at-heading-animation at-animation-heading-style-2 elementor-widget elementor-widget-heading\" data-id=\"1368836c\" data-element_type=\"widget\" data-e-type=\"widget\" data-settings=\"{&quot;ekit_we_effect_on&quot;:&quot;none&quot;}\" data-widget_type=\"heading.default\">\n\t\t\t\t\t<h2 class=\"elementor-heading-title elementor-size-default translation-block\"><div style=\"position:relative;display:inline-block\"><div style=\"position: relative;display: inline-block;opacity: 1\">P<\/div><div style=\"position: relative;display: inline-block;opacity: 1\">R<\/div><div style=\"position: relative;display: inline-block;opacity: 1\">E<\/div><div style=\"position: relative;display: inline-block;opacity: 1\">S<\/div><div style=\"position: relative;display: inline-block;opacity: 1\">S<\/div><\/div> <div style=\"position:relative;display:inline-block\"><div style=\"position: relative;display: inline-block;opacity: 1\">A<\/div><div style=\"position: relative;display: inline-block;opacity: 1\">R<\/div><div style=\"position: relative;display: inline-block;opacity: 1\">T<\/div><div style=\"position: relative;display: inline-block;opacity: 1\">I<\/div><div style=\"position: relative;display: inline-block;opacity: 1\">C<\/div><div style=\"position: relative;display: inline-block;opacity: 1\">L<\/div><div style=\"position: relative;display: inline-block;opacity: 1\">E<\/div><div style=\"position: relative;display: inline-block;opacity: 1\">S<\/div><\/div> <div style=\"position:relative;display:inline-block\"><div style=\"position: relative;display: inline-block;opacity: 1\">F<\/div><div style=\"position: relative;display: inline-block;opacity: 1\">O<\/div><div style=\"position: relative;display: inline-block;opacity: 1\">O<\/div><div style=\"position: relative;display: inline-block;opacity: 1\">T<\/div><\/div><span><div style=\"position:relative;display:inline-block\"><div style=\"position: relative;display: inline-block;opacity: 1\">G<\/div><div style=\"position: relative;display: inline-block;opacity: 1\">O<\/div><div style=\"position: relative;display: inline-block;opacity: 1\">L<\/div><div style=\"position: relative;display: inline-block;opacity: 1\">F<\/div><\/div><\/span> <div style=\"position:relative;display:inline-block\"> <div style=\"position: relative;display: inline-block;opacity: 1\">L<\/div><div style=\"position: relative;display: inline-block;opacity: 1\">U<\/div><div style=\"position: relative;display: inline-block;opacity: 1\">X<\/div><div style=\"position: relative;display: inline-block;opacity: 1\">E<\/div><div style=\"position: relative;display: inline-block;opacity: 1\">M<\/div><div style=\"position: relative;display: inline-block;opacity: 1\">B<\/div><div style=\"position: relative;display: inline-block;opacity: 1\">O<\/div><div style=\"position: relative;display: inline-block;opacity: 1\">U<\/div><div style=\"position: relative;display: inline-block;opacity: 1\">R<\/div><div style=\"position: relative;display: inline-block;opacity: 1\">G<\/div><\/div><\/h2>\t\t\t\t<\/div>\n\t\t\t\t<div class=\"elementor-element elementor-element-7fe2968c elementor-invisible elementor-widget elementor-widget-text-editor\" data-id=\"7fe2968c\" data-element_type=\"widget\" data-e-type=\"widget\" data-settings=\"{&quot;_animation&quot;:&quot;fadeInUp&quot;,&quot;_animation_delay&quot;:200,&quot;ekit_we_effect_on&quot;:&quot;none&quot;}\" data-widget_type=\"text-editor.default\">\n\t\t\t\t\t\t\t\t\t<p data-start=\"302\" data-end=\"489\">Find all press articles published about FootGolf in Luxembourg and the activities of the Luxembourg FootGolf Association.<\/p>\t\t\t\t\t\t\t\t<\/div>\n\t\t\t\t<\/div>\n\t\t\t\t\t<\/div>\n\t\t\t\t<\/div>\n\t\t<div class=\"elementor-element elementor-element-7e94c9d e-flex e-con-boxed e-con e-parent\" data-id=\"7e94c9d\" data-element_type=\"container\" data-e-type=\"container\" data-settings=\"{&quot;background_background&quot;:&quot;classic&quot;}\">\n\t\t\t\t\t<div class=\"e-con-inner\">\n\t\t<div class=\"elementor-element elementor-element-450d9c8 e-con-full e-flex e-con e-child\" data-id=\"450d9c8\" data-element_type=\"container\" data-e-type=\"container\">\n\t\t\t\t<div class=\"elementor-element elementor-element-f50d819 at-image-animation at-animation-image-none at-none elementor-widget elementor-widget-image\" data-id=\"f50d819\" data-element_type=\"widget\" data-e-type=\"widget\" data-settings=\"{&quot;ekit_we_effect_on&quot;:&quot;none&quot;}\" data-widget_type=\"image.default\">\n\t\t\t\t\t\t\t\t\t\t\t\t\t\t\t\t<a href=\"https:\/\/www.footgolf.lu\/footgolf.lu\/home\/wp-content\/uploads\/2016\/03\/Wort.jpg\" data-elementor-open-lightbox=\"yes\" data-elementor-lightbox-title=\"Luxemburger Wort\" data-e-action-hash=\"#elementor-action%3Aaction%3Dlightbox%26settings%3DeyJpZCI6MTA4LCJ1cmwiOiJodHRwczpcL1wvd3d3LmZvb3Rnb2xmLmx1XC9mb290Z29sZi5sdVwvaG9tZVwvd3AtY29udGVudFwvdXBsb2Fkc1wvMjAxNlwvMDNcL1dvcnQuanBnIn0%3D\">\n\t\t\t\t\t\t\t<img fetchpriority=\"high\" decoding=\"async\" width=\"734\" height=\"1024\" src=\"https:\/\/www.footgolf.lu\/footgolf.lu\/home\/wp-content\/uploads\/2016\/03\/Wort-734x1024.jpg\" class=\"attachment-large size-large wp-image-108\" alt=\"\" srcset=\"https:\/\/www.footgolf.lu\/footgolf.lu\/home\/wp-content\/uploads\/2016\/03\/Wort-734x1024.jpg 734w, https:\/\/www.footgolf.lu\/footgolf.lu\/home\/wp-content\/uploads\/2016\/03\/Wort-600x837.jpg 600w, https:\/\/www.footgolf.lu\/footgolf.lu\/home\/wp-content\/uploads\/2016\/03\/Wort-215x300.jpg 215w\" sizes=\"(max-width: 734px) 100vw, 734px\" \/>\t\t\t\t\t\t\t\t<\/a>\n\t\t\t\t\t\t\t\t\t\t\t\t\t\t\t<\/div>\n\t\t\t\t<\/div>\n\t\t<div class=\"elementor-element elementor-element-1ffcf44 e-con-full e-flex e-con e-child\" data-id=\"1ffcf44\" data-element_type=\"container\" data-e-type=\"container\">\n\t\t\t\t<div class=\"elementor-element elementor-element-5bb31e4 at-image-animation at-animation-image-none at-none elementor-widget elementor-widget-image\" data-id=\"5bb31e4\" data-element_type=\"widget\" data-e-type=\"widget\" data-settings=\"{&quot;ekit_we_effect_on&quot;:&quot;none&quot;}\" data-widget_type=\"image.default\">\n\t\t\t\t\t\t\t\t\t\t\t\t\t\t\t\t<a href=\"https:\/\/www.footgolf.lu\/footgolf.lu\/home\/wp-content\/uploads\/2016\/03\/Quotidien.jpg\" data-elementor-open-lightbox=\"yes\" data-elementor-lightbox-title=\"Le Quotidien\" data-e-action-hash=\"#elementor-action%3Aaction%3Dlightbox%26settings%3DeyJpZCI6MTA3LCJ1cmwiOiJodHRwczpcL1wvd3d3LmZvb3Rnb2xmLmx1XC9mb290Z29sZi5sdVwvaG9tZVwvd3AtY29udGVudFwvdXBsb2Fkc1wvMjAxNlwvMDNcL1F1b3RpZGllbi5qcGcifQ%3D%3D\">\n\t\t\t\t\t\t\t<img decoding=\"async\" width=\"652\" height=\"1024\" src=\"https:\/\/www.footgolf.lu\/footgolf.lu\/home\/wp-content\/uploads\/2016\/03\/Quotidien-652x1024.jpg\" class=\"attachment-large size-large wp-image-107\" alt=\"\" srcset=\"https:\/\/www.footgolf.lu\/footgolf.lu\/home\/wp-content\/uploads\/2016\/03\/Quotidien-652x1024.jpg 652w, https:\/\/www.footgolf.lu\/footgolf.lu\/home\/wp-content\/uploads\/2016\/03\/Quotidien-600x943.jpg 600w, https:\/\/www.footgolf.lu\/footgolf.lu\/home\/wp-content\/uploads\/2016\/03\/Quotidien-191x300.jpg 191w\" sizes=\"(max-width: 652px) 100vw, 652px\" \/>\t\t\t\t\t\t\t\t<\/a>\n\t\t\t\t\t\t\t\t\t\t\t\t\t\t\t<\/div>\n\t\t\t\t<\/div>\n\t\t<div class=\"elementor-element elementor-element-64429e7 e-con-full e-flex e-con e-child\" data-id=\"64429e7\" data-element_type=\"container\" data-e-type=\"container\">\n\t\t\t\t<div class=\"elementor-element elementor-element-d9e4dc6 at-image-animation at-animation-image-none at-none elementor-widget elementor-widget-image\" data-id=\"d9e4dc6\" data-element_type=\"widget\" data-e-type=\"widget\" data-settings=\"{&quot;ekit_we_effect_on&quot;:&quot;none&quot;}\" data-widget_type=\"image.default\">\n\t\t\t\t\t\t\t\t\t\t\t\t\t\t\t\t<a href=\"https:\/\/www.footgolf.lu\/footgolf.lu\/home\/wp-content\/uploads\/2016\/03\/Tageblatt.jpg\" data-elementor-open-lightbox=\"yes\" data-elementor-lightbox-title=\"Tageblatt\" data-e-action-hash=\"#elementor-action%3Aaction%3Dlightbox%26settings%3DeyJpZCI6MTEzLCJ1cmwiOiJodHRwczpcL1wvd3d3LmZvb3Rnb2xmLmx1XC9mb290Z29sZi5sdVwvaG9tZVwvd3AtY29udGVudFwvdXBsb2Fkc1wvMjAxNlwvMDNcL1RhZ2VibGF0dC5qcGcifQ%3D%3D\">\n\t\t\t\t\t\t\t<img decoding=\"async\" width=\"800\" height=\"845\" src=\"https:\/\/www.footgolf.lu\/footgolf.lu\/home\/wp-content\/uploads\/2016\/03\/Tageblatt-970x1024.jpg\" class=\"attachment-large size-large wp-image-113\" alt=\"\" srcset=\"https:\/\/www.footgolf.lu\/footgolf.lu\/home\/wp-content\/uploads\/2016\/03\/Tageblatt-970x1024.jpg 970w, https:\/\/www.footgolf.lu\/footgolf.lu\/home\/wp-content\/uploads\/2016\/03\/Tageblatt-600x634.jpg 600w, https:\/\/www.footgolf.lu\/footgolf.lu\/home\/wp-content\/uploads\/2016\/03\/Tageblatt-284x300.jpg 284w, https:\/\/www.footgolf.lu\/footgolf.lu\/home\/wp-content\/uploads\/2016\/03\/Tageblatt.jpg 1000w\" sizes=\"(max-width: 800px) 100vw, 800px\" \/>\t\t\t\t\t\t\t\t<\/a>\n\t\t\t\t\t\t\t\t\t\t\t\t\t\t\t<\/div>\n\t\t\t\t<\/div>\n\t\t<div class=\"elementor-element elementor-element-9a05c65 e-con-full e-flex e-con e-child\" data-id=\"9a05c65\" data-element_type=\"container\" data-e-type=\"container\">\n\t\t\t\t<div class=\"elementor-element elementor-element-df3e247 at-image-animation at-animation-image-none at-none elementor-widget elementor-widget-image\" data-id=\"df3e247\" data-element_type=\"widget\" data-e-type=\"widget\" data-settings=\"{&quot;ekit_we_effect_on&quot;:&quot;none&quot;}\" data-widget_type=\"image.default\">\n\t\t\t\t\t\t\t\t\t\t\t\t\t\t\t\t<a href=\"https:\/\/www.footgolf.lu\/footgolf.lu\/home\/wp-content\/uploads\/2016\/03\/Tageblatt.jpg\" data-elementor-open-lightbox=\"yes\" data-elementor-lightbox-title=\"Tageblatt\" data-e-action-hash=\"#elementor-action%3Aaction%3Dlightbox%26settings%3DeyJpZCI6MTEzLCJ1cmwiOiJodHRwczpcL1wvd3d3LmZvb3Rnb2xmLmx1XC9mb290Z29sZi5sdVwvaG9tZVwvd3AtY29udGVudFwvdXBsb2Fkc1wvMjAxNlwvMDNcL1RhZ2VibGF0dC5qcGcifQ%3D%3D\">\n\t\t\t\t\t\t\t<img decoding=\"async\" width=\"800\" height=\"845\" src=\"https:\/\/www.footgolf.lu\/footgolf.lu\/home\/wp-content\/uploads\/2016\/03\/Tageblatt-970x1024.jpg\" class=\"attachment-large size-large wp-image-113\" alt=\"\" srcset=\"https:\/\/www.footgolf.lu\/footgolf.lu\/home\/wp-content\/uploads\/2016\/03\/Tageblatt-970x1024.jpg 970w, https:\/\/www.footgolf.lu\/footgolf.lu\/home\/wp-content\/uploads\/2016\/03\/Tageblatt-600x634.jpg 600w, https:\/\/www.footgolf.lu\/footgolf.lu\/home\/wp-content\/uploads\/2016\/03\/Tageblatt-284x300.jpg 284w, https:\/\/www.footgolf.lu\/footgolf.lu\/home\/wp-content\/uploads\/2016\/03\/Tageblatt.jpg 1000w\" sizes=\"(max-width: 800px) 100vw, 800px\" \/>\t\t\t\t\t\t\t\t<\/a>\n\t\t\t\t\t\t\t\t\t\t\t\t\t\t\t<\/div>\n\t\t\t\t<\/div>\n\t\t\t\t\t<\/div>\n\t\t\t\t<\/div>\n\t\t\t\t<\/div>","protected":false},"excerpt":{"rendered":"<p>PRESSE ARTICLES DE PRESSE FOOTGOLF LUXEMBOURG Retrouvez l\u2019ensemble des articles de presse [&hellip;]<\/p>\n","protected":false},"author":1,"featured_media":0,"parent":0,"menu_order":0,"comment_status":"closed","ping_status":"closed","template":"elementor_header_footer","meta":{"footnotes":""},"class_list":["post-7432","page","type-page","status-publish","hentry"],"yoast_head":"<!-- This site is optimized with the Yoast SEO plugin v27.0 - https:\/\/yoast.com\/product\/yoast-seo-wordpress\/ -->\n<title>PRESSE - F\u00e9d\u00e9ration Luxembourgeoise de FootGolf<\/title>\n<meta name=\"robots\" content=\"index, follow, max-snippet:-1, max-image-preview:large, max-video-preview:-1\" \/>\n<link rel=\"canonical\" href=\"https:\/\/www.footgolf.lu\/en\/presse\/\" \/>\n<meta property=\"og:locale\" content=\"en_US\" \/>\n<meta property=\"og:type\" content=\"article\" \/>\n<meta property=\"og:title\" content=\"PRESSE - F\u00e9d\u00e9ration Luxembourgeoise de FootGolf\" \/>\n<meta property=\"og:description\" content=\"PRESSE ARTICLES DE PRESSE FOOTGOLF LUXEMBOURG Retrouvez l\u2019ensemble des articles de presse [&hellip;]\" \/>\n<meta property=\"og:url\" content=\"https:\/\/www.footgolf.lu\/en\/presse\/\" \/>\n<meta property=\"og:site_name\" content=\"F\u00e9d\u00e9ration Luxembourgeoise de FootGolf\" \/>\n<meta property=\"article:modified_time\" content=\"2026-01-26T15:30:23+00:00\" \/>\n<meta property=\"og:image\" content=\"https:\/\/www.footgolf.lu\/footgolf.lu\/home\/wp-content\/uploads\/2016\/03\/Wort.jpg\" \/>\n\t<meta property=\"og:image:width\" content=\"2964\" \/>\n\t<meta property=\"og:image:height\" content=\"4135\" \/>\n\t<meta property=\"og:image:type\" content=\"image\/jpeg\" \/>\n<meta name=\"twitter:card\" content=\"summary_large_image\" \/>\n<meta name=\"twitter:label1\" content=\"Est. reading time\" \/>\n\t<meta name=\"twitter:data1\" content=\"1 minute\" \/>\n<script type=\"application\/ld+json\" class=\"yoast-schema-graph\">{\"@context\":\"https:\/\/schema.org\",\"@graph\":[{\"@type\":\"WebPage\",\"@id\":\"https:\/\/www.footgolf.lu\/presse\/\",\"url\":\"https:\/\/www.footgolf.lu\/presse\/\",\"name\":\"PRESSE - F\u00e9d\u00e9ration Luxembourgeoise de FootGolf\",\"isPartOf\":{\"@id\":\"https:\/\/www.footgolf.lu\/#website\"},\"primaryImageOfPage\":{\"@id\":\"https:\/\/www.footgolf.lu\/presse\/#primaryimage\"},\"image\":{\"@id\":\"https:\/\/www.footgolf.lu\/presse\/#primaryimage\"},\"thumbnailUrl\":\"https:\/\/www.footgolf.lu\/footgolf.lu\/home\/wp-content\/uploads\/2016\/03\/Wort-734x1024.jpg\",\"datePublished\":\"2026-01-20T13:08:22+00:00\",\"dateModified\":\"2026-01-26T15:30:23+00:00\",\"breadcrumb\":{\"@id\":\"https:\/\/www.footgolf.lu\/presse\/#breadcrumb\"},\"inLanguage\":\"en-US\",\"potentialAction\":[{\"@type\":\"ReadAction\",\"target\":[\"https:\/\/www.footgolf.lu\/presse\/\"]}]},{\"@type\":\"ImageObject\",\"inLanguage\":\"en-US\",\"@id\":\"https:\/\/www.footgolf.lu\/presse\/#primaryimage\",\"url\":\"https:\/\/www.footgolf.lu\/footgolf.lu\/home\/wp-content\/uploads\/2016\/03\/Wort-734x1024.jpg\",\"contentUrl\":\"https:\/\/www.footgolf.lu\/footgolf.lu\/home\/wp-content\/uploads\/2016\/03\/Wort-734x1024.jpg\"},{\"@type\":\"BreadcrumbList\",\"@id\":\"https:\/\/www.footgolf.lu\/presse\/#breadcrumb\",\"itemListElement\":[{\"@type\":\"ListItem\",\"position\":1,\"name\":\"Accueil\",\"item\":\"https:\/\/www.footgolf.lu\/\"},{\"@type\":\"ListItem\",\"position\":2,\"name\":\"PRESSE\"}]},{\"@type\":\"WebSite\",\"@id\":\"https:\/\/www.footgolf.lu\/#website\",\"url\":\"https:\/\/www.footgolf.lu\/\",\"name\":\"F\u00e9d\u00e9ration Luxembourgeoise de FootGolf\",\"description\":\"FootGolf L\u00ebtzebuerg Federation\",\"publisher\":{\"@id\":\"https:\/\/www.footgolf.lu\/#organization\"},\"potentialAction\":[{\"@type\":\"SearchAction\",\"target\":{\"@type\":\"EntryPoint\",\"urlTemplate\":\"https:\/\/www.footgolf.lu\/?s={search_term_string}\"},\"query-input\":{\"@type\":\"PropertyValueSpecification\",\"valueRequired\":true,\"valueName\":\"search_term_string\"}}],\"inLanguage\":\"en-US\"},{\"@type\":\"Organization\",\"@id\":\"https:\/\/www.footgolf.lu\/#organization\",\"name\":\"F\u00e9d\u00e9ration Luxembourgeoise de FootGolf\",\"url\":\"https:\/\/www.footgolf.lu\/\",\"logo\":{\"@type\":\"ImageObject\",\"inLanguage\":\"en-US\",\"@id\":\"https:\/\/www.footgolf.lu\/#\/schema\/logo\/image\/\",\"url\":\"https:\/\/www.footgolf.lu\/footgolf.lu\/home\/wp-content\/uploads\/2021\/08\/logo.jpg\",\"contentUrl\":\"https:\/\/www.footgolf.lu\/footgolf.lu\/home\/wp-content\/uploads\/2021\/08\/logo.jpg\",\"width\":221,\"height\":200,\"caption\":\"F\u00e9d\u00e9ration Luxembourgeoise de FootGolf\"},\"image\":{\"@id\":\"https:\/\/www.footgolf.lu\/#\/schema\/logo\/image\/\"}}]}<\/script>\n<!-- \/ Yoast SEO plugin. -->","yoast_head_json":{"title":"PRESSE - F\u00e9d\u00e9ration Luxembourgeoise de FootGolf","robots":{"index":"index","follow":"follow","max-snippet":"max-snippet:-1","max-image-preview":"max-image-preview:large","max-video-preview":"max-video-preview:-1"},"canonical":"https:\/\/www.footgolf.lu\/en\/presse\/","og_locale":"en_US","og_type":"article","og_title":"PRESSE - F\u00e9d\u00e9ration Luxembourgeoise de FootGolf","og_description":"PRESSE ARTICLES DE PRESSE FOOTGOLF LUXEMBOURG Retrouvez l\u2019ensemble des articles de presse [&hellip;]","og_url":"https:\/\/www.footgolf.lu\/en\/presse\/","og_site_name":"F\u00e9d\u00e9ration Luxembourgeoise de FootGolf","article_modified_time":"2026-01-26T15:30:23+00:00","og_image":[{"width":2964,"height":4135,"url":"https:\/\/www.footgolf.lu\/footgolf.lu\/home\/wp-content\/uploads\/2016\/03\/Wort.jpg","type":"image\/jpeg"}],"twitter_card":"summary_large_image","twitter_misc":{"Est. reading time":"1 minute"},"schema":{"@context":"https:\/\/schema.org","@graph":[{"@type":"WebPage","@id":"https:\/\/www.footgolf.lu\/presse\/","url":"https:\/\/www.footgolf.lu\/presse\/","name":"PRESSE - F\u00e9d\u00e9ration Luxembourgeoise de FootGolf","isPartOf":{"@id":"https:\/\/www.footgolf.lu\/#website"},"primaryImageOfPage":{"@id":"https:\/\/www.footgolf.lu\/presse\/#primaryimage"},"image":{"@id":"https:\/\/www.footgolf.lu\/presse\/#primaryimage"},"thumbnailUrl":"https:\/\/www.footgolf.lu\/footgolf.lu\/home\/wp-content\/uploads\/2016\/03\/Wort-734x1024.jpg","datePublished":"2026-01-20T13:08:22+00:00","dateModified":"2026-01-26T15:30:23+00:00","breadcrumb":{"@id":"https:\/\/www.footgolf.lu\/presse\/#breadcrumb"},"inLanguage":"en-US","potentialAction":[{"@type":"ReadAction","target":["https:\/\/www.footgolf.lu\/presse\/"]}]},{"@type":"ImageObject","inLanguage":"en-US","@id":"https:\/\/www.footgolf.lu\/presse\/#primaryimage","url":"https:\/\/www.footgolf.lu\/footgolf.lu\/home\/wp-content\/uploads\/2016\/03\/Wort-734x1024.jpg","contentUrl":"https:\/\/www.footgolf.lu\/footgolf.lu\/home\/wp-content\/uploads\/2016\/03\/Wort-734x1024.jpg"},{"@type":"BreadcrumbList","@id":"https:\/\/www.footgolf.lu\/presse\/#breadcrumb","itemListElement":[{"@type":"ListItem","position":1,"name":"Accueil","item":"https:\/\/www.footgolf.lu\/"},{"@type":"ListItem","position":2,"name":"PRESSE"}]},{"@type":"WebSite","@id":"https:\/\/www.footgolf.lu\/#website","url":"https:\/\/www.footgolf.lu\/","name":"F\u00e9d\u00e9ration Luxembourgeoise de FootGolf","description":"FootGolf L\u00ebtzebuerg Federation","publisher":{"@id":"https:\/\/www.footgolf.lu\/#organization"},"potentialAction":[{"@type":"SearchAction","target":{"@type":"EntryPoint","urlTemplate":"https:\/\/www.footgolf.lu\/?s={search_term_string}"},"query-input":{"@type":"PropertyValueSpecification","valueRequired":true,"valueName":"search_term_string"}}],"inLanguage":"en-US"},{"@type":"Organization","@id":"https:\/\/www.footgolf.lu\/#organization","name":"F\u00e9d\u00e9ration Luxembourgeoise de FootGolf","url":"https:\/\/www.footgolf.lu\/","logo":{"@type":"ImageObject","inLanguage":"en-US","@id":"https:\/\/www.footgolf.lu\/#\/schema\/logo\/image\/","url":"https:\/\/www.footgolf.lu\/footgolf.lu\/home\/wp-content\/uploads\/2021\/08\/logo.jpg","contentUrl":"https:\/\/www.footgolf.lu\/footgolf.lu\/home\/wp-content\/uploads\/2021\/08\/logo.jpg","width":221,"height":200,"caption":"F\u00e9d\u00e9ration Luxembourgeoise de FootGolf"},"image":{"@id":"https:\/\/www.footgolf.lu\/#\/schema\/logo\/image\/"}}]}},"_links":{"self":[{"href":"https:\/\/www.footgolf.lu\/en\/wp-json\/wp\/v2\/pages\/7432","targetHints":{"allow":["GET"]}}],"collection":[{"href":"https:\/\/www.footgolf.lu\/en\/wp-json\/wp\/v2\/pages"}],"about":[{"href":"https:\/\/www.footgolf.lu\/en\/wp-json\/wp\/v2\/types\/page"}],"author":[{"embeddable":true,"href":"https:\/\/www.footgolf.lu\/en\/wp-json\/wp\/v2\/users\/1"}],"replies":[{"embeddable":true,"href":"https:\/\/www.footgolf.lu\/en\/wp-json\/wp\/v2\/comments?post=7432"}],"version-history":[{"count":10,"href":"https:\/\/www.footgolf.lu\/en\/wp-json\/wp\/v2\/pages\/7432\/revisions"}],"predecessor-version":[{"id":7479,"href":"https:\/\/www.footgolf.lu\/en\/wp-json\/wp\/v2\/pages\/7432\/revisions\/7479"}],"wp:attachment":[{"href":"https:\/\/www.footgolf.lu\/en\/wp-json\/wp\/v2\/media?parent=7432"}],"curies":[{"name":"wp","href":"https:\/\/api.w.org\/{rel}","templated":true}]}}