{"id":7371,"date":"2026-01-19T23:56:23","date_gmt":"2026-01-19T22:56:23","guid":{"rendered":"https:\/\/www.footgolf.lu\/?page_id=7371"},"modified":"2026-01-20T01:08:29","modified_gmt":"2026-01-20T00:08:29","slug":"adhesion-paiement","status":"publish","type":"page","link":"https:\/\/www.footgolf.lu\/en\/adhesion-paiement\/","title":{"rendered":"ADH\u00c9SION PAIEMENT"},"content":{"rendered":"<div data-elementor-type=\"wp-page\" data-elementor-id=\"7371\" class=\"elementor elementor-7371\" data-elementor-post-type=\"page\">\n\t\t\t\t<div class=\"elementor-element elementor-element-7c9b265 e-flex e-con-boxed e-con e-parent\" data-id=\"7c9b265\" data-element_type=\"container\" data-e-type=\"container\" data-settings=\"{&quot;background_background&quot;:&quot;classic&quot;}\">\n\t\t\t\t\t<div class=\"e-con-inner\">\n\t\t\t\t\t<\/div>\n\t\t\t\t<\/div>\n\t\t<div class=\"elementor-element elementor-element-49b2e1d3 e-flex e-con-boxed e-con e-parent\" data-id=\"49b2e1d3\" data-element_type=\"container\" data-e-type=\"container\">\n\t\t\t\t\t<div class=\"e-con-inner\">\n\t\t<div class=\"elementor-element elementor-element-67c7651b e-con-full e-flex e-con e-child\" data-id=\"67c7651b\" data-element_type=\"container\" data-e-type=\"container\">\n\t\t\t\t<div class=\"elementor-element elementor-element-4fd59f5b section-title at-heading-animation at-animation-heading-none elementor-invisible elementor-widget elementor-widget-heading\" data-id=\"4fd59f5b\" data-element_type=\"widget\" data-e-type=\"widget\" data-settings=\"{&quot;_animation&quot;:&quot;fadeInUp&quot;,&quot;_animation_delay&quot;:100,&quot;ekit_we_effect_on&quot;:&quot;none&quot;}\" data-widget_type=\"heading.default\">\n\t\t\t\t\t<h3 class=\"elementor-heading-title elementor-size-default\">PAIEMENT DE L\u2019ADH\u00c9SION<\/h3>\t\t\t\t<\/div>\n\t\t\t\t<div class=\"elementor-element elementor-element-512de1f at-heading-animation at-animation-heading-style-2 elementor-widget elementor-widget-heading\" data-id=\"512de1f\" data-element_type=\"widget\" data-e-type=\"widget\" data-settings=\"{&quot;ekit_we_effect_on&quot;:&quot;none&quot;}\" data-widget_type=\"heading.default\">\n\t\t\t\t\t<h2 class=\"elementor-heading-title elementor-size-default\">Thank you for your registration.<\/h2>\t\t\t\t<\/div>\n\t\t\t\t<div class=\"elementor-element elementor-element-4d3e1195 elementor-invisible elementor-widget elementor-widget-text-editor\" data-id=\"4d3e1195\" data-element_type=\"widget\" data-e-type=\"widget\" data-settings=\"{&quot;_animation&quot;:&quot;fadeInUp&quot;,&quot;_animation_delay&quot;:200,&quot;ekit_we_effect_on&quot;:&quot;none&quot;}\" data-widget_type=\"text-editor.default\">\n\t\t\t\t\t\t\t\t\t<p data-start=\"206\" data-end=\"421\">Afin de finaliser votre adh\u00e9sion \u00e0 l\u2019Association Luxembourgeoise de FootGolf, nous vous invitons \u00e0 effectuer le paiement par virement bancaire en utilisant les coordonn\u00e9es ci-dessous.<\/p><p data-start=\"423\" data-end=\"530\"><strong data-start=\"423\" data-end=\"505\">L\u2019adh\u00e9sion sera consid\u00e9r\u00e9e comme valide uniquement apr\u00e8s r\u00e9ception du paiement<\/strong> sur le compte de l\u2019ALFG.<\/p><p data-start=\"532\" data-end=\"640\">Please indicate your first and last name in the transfer reference.<\/p>\t\t\t\t\t\t\t\t<\/div>\n\t\t\t\t<\/div>\n\t\t<div class=\"elementor-element elementor-element-6322afcb e-con-full e-flex e-con e-child\" data-id=\"6322afcb\" data-element_type=\"container\" data-e-type=\"container\">\n\t\t\t\t<div class=\"elementor-element elementor-element-0e6b25b elementor-invisible elementor-widget elementor-widget-text-editor\" data-id=\"0e6b25b\" data-element_type=\"widget\" data-e-type=\"widget\" data-settings=\"{&quot;_animation&quot;:&quot;fadeInUp&quot;,&quot;_animation_delay&quot;:200,&quot;ekit_we_effect_on&quot;:&quot;none&quot;}\" data-widget_type=\"text-editor.default\">\n\t\t\t\t\t\t\t\t\t<p data-start=\"206\" data-end=\"421\"><strong>OUR BANK DETAILS\u00a0<\/strong><\/p>\t\t\t\t\t\t\t\t<\/div>\n\t\t\t\t<div class=\"elementor-element elementor-element-27d4fe8 elementor-invisible elementor-widget elementor-widget-text-editor\" data-id=\"27d4fe8\" data-element_type=\"widget\" data-e-type=\"widget\" data-settings=\"{&quot;_animation&quot;:&quot;fadeInUp&quot;,&quot;_animation_delay&quot;:200,&quot;ekit_we_effect_on&quot;:&quot;none&quot;}\" data-widget_type=\"text-editor.default\">\n\t\t\t\t\t\t\t\t\t<p data-start=\"206\" data-end=\"421\">ASS. LUXEMBOURGEOISE FOOTGOLF ASBL<br \/>IBAN: LU63 0099 7800 0139 0038<br \/>SWIFT CODE: CCRALLUL<\/p>\t\t\t\t\t\t\t\t<\/div>\n\t\t\t\t<\/div>\n\t\t<div class=\"elementor-element elementor-element-cb3a81a e-con-full e-flex e-con e-child\" data-id=\"cb3a81a\" data-element_type=\"container\" data-e-type=\"container\">\n\t\t\t\t<div class=\"elementor-element elementor-element-57188ef at-shiny-glass-effect about-us-img at-image-animation at-animation-image-style-1 elementor-widget elementor-widget-image\" data-id=\"57188ef\" data-element_type=\"widget\" data-e-type=\"widget\" data-settings=\"{&quot;ekit_we_effect_on&quot;:&quot;none&quot;}\" data-widget_type=\"image.default\">\n\t\t\t\t\t\t\t\t\t\t\t\t\t\t\t<img fetchpriority=\"high\" decoding=\"async\" width=\"2272\" height=\"1514\" src=\"https:\/\/www.footgolf.lu\/footgolf.lu\/home\/wp-content\/uploads\/2021\/02\/AB3R4238.jpg\" class=\"attachment-full size-full wp-image-3028\" alt=\"\" srcset=\"https:\/\/www.footgolf.lu\/footgolf.lu\/home\/wp-content\/uploads\/2021\/02\/AB3R4238.jpg 2272w, https:\/\/www.footgolf.lu\/footgolf.lu\/home\/wp-content\/uploads\/2021\/02\/AB3R4238-300x200.jpg 300w, https:\/\/www.footgolf.lu\/footgolf.lu\/home\/wp-content\/uploads\/2021\/02\/AB3R4238-1024x682.jpg 1024w, https:\/\/www.footgolf.lu\/footgolf.lu\/home\/wp-content\/uploads\/2021\/02\/AB3R4238-330x220.jpg 330w, https:\/\/www.footgolf.lu\/footgolf.lu\/home\/wp-content\/uploads\/2021\/02\/AB3R4238-600x400.jpg 600w\" sizes=\"(max-width: 2272px) 100vw, 2272px\" \/>\t\t\t\t\t\t\t\t\t\t\t\t\t\t\t<\/div>\n\t\t\t\t<\/div>\n\t\t\t\t\t<\/div>\n\t\t\t\t<\/div>\n\t\t\t\t<\/div>","protected":false},"excerpt":{"rendered":"<p>PAIEMENT DE L\u2019ADH\u00c9SION Merci pour votre inscription. Afin de finaliser votre adh\u00e9sion [&hellip;]<\/p>\n","protected":false},"author":1,"featured_media":0,"parent":0,"menu_order":0,"comment_status":"closed","ping_status":"closed","template":"elementor_header_footer","meta":{"footnotes":""},"class_list":["post-7371","page","type-page","status-publish","hentry"],"yoast_head":"<!-- This site is optimized with the Yoast SEO plugin v27.0 - https:\/\/yoast.com\/product\/yoast-seo-wordpress\/ -->\n<title>ADH\u00c9SION PAIEMENT - F\u00e9d\u00e9ration Luxembourgeoise de FootGolf<\/title>\n<meta name=\"robots\" content=\"index, follow, max-snippet:-1, max-image-preview:large, max-video-preview:-1\" \/>\n<link rel=\"canonical\" href=\"https:\/\/www.footgolf.lu\/en\/adhesion-paiement\/\" \/>\n<meta property=\"og:locale\" content=\"en_US\" \/>\n<meta property=\"og:type\" content=\"article\" \/>\n<meta property=\"og:title\" content=\"ADH\u00c9SION PAIEMENT - F\u00e9d\u00e9ration Luxembourgeoise de FootGolf\" \/>\n<meta property=\"og:description\" content=\"PAIEMENT DE L\u2019ADH\u00c9SION Merci pour votre inscription. Afin de finaliser votre adh\u00e9sion [&hellip;]\" \/>\n<meta property=\"og:url\" content=\"https:\/\/www.footgolf.lu\/en\/adhesion-paiement\/\" \/>\n<meta property=\"og:site_name\" content=\"F\u00e9d\u00e9ration Luxembourgeoise de FootGolf\" \/>\n<meta property=\"article:modified_time\" content=\"2026-01-20T00:08:29+00:00\" \/>\n<meta property=\"og:image\" content=\"https:\/\/www.footgolf.lu\/footgolf.lu\/home\/wp-content\/uploads\/2021\/02\/AB3R4238.jpg\" \/>\n\t<meta property=\"og:image:width\" content=\"2272\" \/>\n\t<meta property=\"og:image:height\" content=\"1514\" \/>\n\t<meta property=\"og:image:type\" content=\"image\/jpeg\" \/>\n<meta name=\"twitter:card\" content=\"summary_large_image\" \/>\n<meta name=\"twitter:label1\" content=\"Est. reading time\" \/>\n\t<meta name=\"twitter:data1\" content=\"1 minute\" \/>\n<script type=\"application\/ld+json\" class=\"yoast-schema-graph\">{\"@context\":\"https:\/\/schema.org\",\"@graph\":[{\"@type\":\"WebPage\",\"@id\":\"https:\/\/www.footgolf.lu\/adhesion-paiement\/\",\"url\":\"https:\/\/www.footgolf.lu\/adhesion-paiement\/\",\"name\":\"ADH\u00c9SION PAIEMENT - F\u00e9d\u00e9ration Luxembourgeoise de FootGolf\",\"isPartOf\":{\"@id\":\"https:\/\/www.footgolf.lu\/#website\"},\"primaryImageOfPage\":{\"@id\":\"https:\/\/www.footgolf.lu\/adhesion-paiement\/#primaryimage\"},\"image\":{\"@id\":\"https:\/\/www.footgolf.lu\/adhesion-paiement\/#primaryimage\"},\"thumbnailUrl\":\"https:\/\/www.footgolf.lu\/footgolf.lu\/home\/wp-content\/uploads\/2021\/02\/AB3R4238.jpg\",\"datePublished\":\"2026-01-19T22:56:23+00:00\",\"dateModified\":\"2026-01-20T00:08:29+00:00\",\"breadcrumb\":{\"@id\":\"https:\/\/www.footgolf.lu\/adhesion-paiement\/#breadcrumb\"},\"inLanguage\":\"en-US\",\"potentialAction\":[{\"@type\":\"ReadAction\",\"target\":[\"https:\/\/www.footgolf.lu\/adhesion-paiement\/\"]}]},{\"@type\":\"ImageObject\",\"inLanguage\":\"en-US\",\"@id\":\"https:\/\/www.footgolf.lu\/adhesion-paiement\/#primaryimage\",\"url\":\"https:\/\/www.footgolf.lu\/footgolf.lu\/home\/wp-content\/uploads\/2021\/02\/AB3R4238.jpg\",\"contentUrl\":\"https:\/\/www.footgolf.lu\/footgolf.lu\/home\/wp-content\/uploads\/2021\/02\/AB3R4238.jpg\"},{\"@type\":\"BreadcrumbList\",\"@id\":\"https:\/\/www.footgolf.lu\/adhesion-paiement\/#breadcrumb\",\"itemListElement\":[{\"@type\":\"ListItem\",\"position\":1,\"name\":\"Accueil\",\"item\":\"https:\/\/www.footgolf.lu\/\"},{\"@type\":\"ListItem\",\"position\":2,\"name\":\"ADH\u00c9SION PAIEMENT\"}]},{\"@type\":\"WebSite\",\"@id\":\"https:\/\/www.footgolf.lu\/#website\",\"url\":\"https:\/\/www.footgolf.lu\/\",\"name\":\"F\u00e9d\u00e9ration Luxembourgeoise de FootGolf\",\"description\":\"FootGolf L\u00ebtzebuerg Federation\",\"publisher\":{\"@id\":\"https:\/\/www.footgolf.lu\/#organization\"},\"potentialAction\":[{\"@type\":\"SearchAction\",\"target\":{\"@type\":\"EntryPoint\",\"urlTemplate\":\"https:\/\/www.footgolf.lu\/?s={search_term_string}\"},\"query-input\":{\"@type\":\"PropertyValueSpecification\",\"valueRequired\":true,\"valueName\":\"search_term_string\"}}],\"inLanguage\":\"en-US\"},{\"@type\":\"Organization\",\"@id\":\"https:\/\/www.footgolf.lu\/#organization\",\"name\":\"F\u00e9d\u00e9ration Luxembourgeoise de FootGolf\",\"url\":\"https:\/\/www.footgolf.lu\/\",\"logo\":{\"@type\":\"ImageObject\",\"inLanguage\":\"en-US\",\"@id\":\"https:\/\/www.footgolf.lu\/#\/schema\/logo\/image\/\",\"url\":\"https:\/\/www.footgolf.lu\/footgolf.lu\/home\/wp-content\/uploads\/2021\/08\/logo.jpg\",\"contentUrl\":\"https:\/\/www.footgolf.lu\/footgolf.lu\/home\/wp-content\/uploads\/2021\/08\/logo.jpg\",\"width\":221,\"height\":200,\"caption\":\"F\u00e9d\u00e9ration Luxembourgeoise de FootGolf\"},\"image\":{\"@id\":\"https:\/\/www.footgolf.lu\/#\/schema\/logo\/image\/\"}}]}<\/script>\n<!-- \/ Yoast SEO plugin. -->","yoast_head_json":{"title":"ADH\u00c9SION PAIEMENT - F\u00e9d\u00e9ration Luxembourgeoise de FootGolf","robots":{"index":"index","follow":"follow","max-snippet":"max-snippet:-1","max-image-preview":"max-image-preview:large","max-video-preview":"max-video-preview:-1"},"canonical":"https:\/\/www.footgolf.lu\/en\/adhesion-paiement\/","og_locale":"en_US","og_type":"article","og_title":"ADH\u00c9SION PAIEMENT - F\u00e9d\u00e9ration Luxembourgeoise de FootGolf","og_description":"PAIEMENT DE L\u2019ADH\u00c9SION Merci pour votre inscription. Afin de finaliser votre adh\u00e9sion [&hellip;]","og_url":"https:\/\/www.footgolf.lu\/en\/adhesion-paiement\/","og_site_name":"F\u00e9d\u00e9ration Luxembourgeoise de FootGolf","article_modified_time":"2026-01-20T00:08:29+00:00","og_image":[{"width":2272,"height":1514,"url":"https:\/\/www.footgolf.lu\/footgolf.lu\/home\/wp-content\/uploads\/2021\/02\/AB3R4238.jpg","type":"image\/jpeg"}],"twitter_card":"summary_large_image","twitter_misc":{"Est. reading time":"1 minute"},"schema":{"@context":"https:\/\/schema.org","@graph":[{"@type":"WebPage","@id":"https:\/\/www.footgolf.lu\/adhesion-paiement\/","url":"https:\/\/www.footgolf.lu\/adhesion-paiement\/","name":"ADH\u00c9SION PAIEMENT - F\u00e9d\u00e9ration Luxembourgeoise de FootGolf","isPartOf":{"@id":"https:\/\/www.footgolf.lu\/#website"},"primaryImageOfPage":{"@id":"https:\/\/www.footgolf.lu\/adhesion-paiement\/#primaryimage"},"image":{"@id":"https:\/\/www.footgolf.lu\/adhesion-paiement\/#primaryimage"},"thumbnailUrl":"https:\/\/www.footgolf.lu\/footgolf.lu\/home\/wp-content\/uploads\/2021\/02\/AB3R4238.jpg","datePublished":"2026-01-19T22:56:23+00:00","dateModified":"2026-01-20T00:08:29+00:00","breadcrumb":{"@id":"https:\/\/www.footgolf.lu\/adhesion-paiement\/#breadcrumb"},"inLanguage":"en-US","potentialAction":[{"@type":"ReadAction","target":["https:\/\/www.footgolf.lu\/adhesion-paiement\/"]}]},{"@type":"ImageObject","inLanguage":"en-US","@id":"https:\/\/www.footgolf.lu\/adhesion-paiement\/#primaryimage","url":"https:\/\/www.footgolf.lu\/footgolf.lu\/home\/wp-content\/uploads\/2021\/02\/AB3R4238.jpg","contentUrl":"https:\/\/www.footgolf.lu\/footgolf.lu\/home\/wp-content\/uploads\/2021\/02\/AB3R4238.jpg"},{"@type":"BreadcrumbList","@id":"https:\/\/www.footgolf.lu\/adhesion-paiement\/#breadcrumb","itemListElement":[{"@type":"ListItem","position":1,"name":"Accueil","item":"https:\/\/www.footgolf.lu\/"},{"@type":"ListItem","position":2,"name":"ADH\u00c9SION PAIEMENT"}]},{"@type":"WebSite","@id":"https:\/\/www.footgolf.lu\/#website","url":"https:\/\/www.footgolf.lu\/","name":"F\u00e9d\u00e9ration Luxembourgeoise de FootGolf","description":"FootGolf L\u00ebtzebuerg Federation","publisher":{"@id":"https:\/\/www.footgolf.lu\/#organization"},"potentialAction":[{"@type":"SearchAction","target":{"@type":"EntryPoint","urlTemplate":"https:\/\/www.footgolf.lu\/?s={search_term_string}"},"query-input":{"@type":"PropertyValueSpecification","valueRequired":true,"valueName":"search_term_string"}}],"inLanguage":"en-US"},{"@type":"Organization","@id":"https:\/\/www.footgolf.lu\/#organization","name":"F\u00e9d\u00e9ration Luxembourgeoise de FootGolf","url":"https:\/\/www.footgolf.lu\/","logo":{"@type":"ImageObject","inLanguage":"en-US","@id":"https:\/\/www.footgolf.lu\/#\/schema\/logo\/image\/","url":"https:\/\/www.footgolf.lu\/footgolf.lu\/home\/wp-content\/uploads\/2021\/08\/logo.jpg","contentUrl":"https:\/\/www.footgolf.lu\/footgolf.lu\/home\/wp-content\/uploads\/2021\/08\/logo.jpg","width":221,"height":200,"caption":"F\u00e9d\u00e9ration Luxembourgeoise de FootGolf"},"image":{"@id":"https:\/\/www.footgolf.lu\/#\/schema\/logo\/image\/"}}]}},"_links":{"self":[{"href":"https:\/\/www.footgolf.lu\/en\/wp-json\/wp\/v2\/pages\/7371","targetHints":{"allow":["GET"]}}],"collection":[{"href":"https:\/\/www.footgolf.lu\/en\/wp-json\/wp\/v2\/pages"}],"about":[{"href":"https:\/\/www.footgolf.lu\/en\/wp-json\/wp\/v2\/types\/page"}],"author":[{"embeddable":true,"href":"https:\/\/www.footgolf.lu\/en\/wp-json\/wp\/v2\/users\/1"}],"replies":[{"embeddable":true,"href":"https:\/\/www.footgolf.lu\/en\/wp-json\/wp\/v2\/comments?post=7371"}],"version-history":[{"count":11,"href":"https:\/\/www.footgolf.lu\/en\/wp-json\/wp\/v2\/pages\/7371\/revisions"}],"predecessor-version":[{"id":7425,"href":"https:\/\/www.footgolf.lu\/en\/wp-json\/wp\/v2\/pages\/7371\/revisions\/7425"}],"wp:attachment":[{"href":"https:\/\/www.footgolf.lu\/en\/wp-json\/wp\/v2\/media?parent=7371"}],"curies":[{"name":"wp","href":"https:\/\/api.w.org\/{rel}","templated":true}]}}