{"id":7358,"date":"2026-01-19T23:42:47","date_gmt":"2026-01-19T22:42:47","guid":{"rendered":"https:\/\/www.footgolf.lu\/?page_id=7358"},"modified":"2026-01-26T15:48:30","modified_gmt":"2026-01-26T14:48:30","slug":"charte-du-fair-player","status":"publish","type":"page","link":"https:\/\/www.footgolf.lu\/en\/charte-du-fair-player\/","title":{"rendered":"CHARTE DU FAIR-PLAYER"},"content":{"rendered":"<div data-elementor-type=\"wp-page\" data-elementor-id=\"7358\" class=\"elementor elementor-7358\" data-elementor-post-type=\"page\">\n\t\t\t\t<div class=\"elementor-element elementor-element-7ef528b2 e-flex e-con-boxed e-con e-parent\" data-id=\"7ef528b2\" data-element_type=\"container\" data-e-type=\"container\" data-settings=\"{&quot;background_background&quot;:&quot;classic&quot;}\">\n\t\t\t\t\t<div class=\"e-con-inner\">\n\t\t\t\t\t<\/div>\n\t\t\t\t<\/div>\n\t\t<div class=\"elementor-element elementor-element-3f283b42 e-flex e-con-boxed e-con e-parent\" data-id=\"3f283b42\" data-element_type=\"container\" data-e-type=\"container\">\n\t\t\t\t\t<div class=\"e-con-inner\">\n\t\t<div class=\"elementor-element elementor-element-4af91c32 e-con-full e-flex e-con e-child\" data-id=\"4af91c32\" data-element_type=\"container\" data-e-type=\"container\">\n\t\t\t\t<div class=\"elementor-element elementor-element-22241ff8 section-title at-heading-animation at-animation-heading-none elementor-invisible elementor-widget elementor-widget-heading\" data-id=\"22241ff8\" data-element_type=\"widget\" data-e-type=\"widget\" data-settings=\"{&quot;_animation&quot;:&quot;fadeInUp&quot;,&quot;_animation_delay&quot;:100,&quot;ekit_we_effect_on&quot;:&quot;none&quot;}\" data-widget_type=\"heading.default\">\n\t\t\t\t\t<h3 class=\"elementor-heading-title elementor-size-default\">Fair-Player Charter<\/h3>\t\t\t\t<\/div>\n\t\t\t\t<div class=\"elementor-element elementor-element-47855455 at-heading-animation at-animation-heading-style-2 elementor-widget elementor-widget-heading\" data-id=\"47855455\" data-element_type=\"widget\" data-e-type=\"widget\" data-settings=\"{&quot;ekit_we_effect_on&quot;:&quot;none&quot;}\" data-widget_type=\"heading.default\">\n\t\t\t\t\t<h2 class=\"elementor-heading-title elementor-size-default\">The principles and rules of conduct of the license holders of the<span>ALFG <\/span> <\/h2>\t\t\t\t<\/div>\n\t\t\t\t<div class=\"elementor-element elementor-element-70ced8ab elementor-invisible elementor-widget elementor-widget-text-editor\" data-id=\"70ced8ab\" data-element_type=\"widget\" data-e-type=\"widget\" data-settings=\"{&quot;_animation&quot;:&quot;fadeInUp&quot;,&quot;_animation_delay&quot;:200,&quot;ekit_we_effect_on&quot;:&quot;none&quot;}\" data-widget_type=\"text-editor.default\">\n\t\t\t\t\t\t\t\t\t<p class=\"p1\"><strong>This charter aims to provide a framework of fair play for all license holders of the federation:<\/strong><\/p>\t\t\t\t\t\t\t\t<\/div>\n\t\t\t\t<div class=\"elementor-element elementor-element-c4703e9 elementor-invisible elementor-widget elementor-widget-text-editor\" data-id=\"c4703e9\" data-element_type=\"widget\" data-e-type=\"widget\" data-settings=\"{&quot;_animation&quot;:&quot;fadeInUp&quot;,&quot;_animation_delay&quot;:200,&quot;ekit_we_effect_on&quot;:&quot;none&quot;}\" data-widget_type=\"text-editor.default\">\n\t\t\t\t\t\t\t\t\t<ul><li class=\"p1\">To comply with the statutes, disciplinary regulations, and directives<\/li><li class=\"p1\">To comply with the statutes and internal regulations<\/li><li class=\"p1\">To demonstrate supportive and cooperative behavior among the members of the ALFG<\/li><li class=\"p1\">To exercise restraint in communications and exchanges that could commit or implicate the ALFG<\/li><li class=\"p1\">To maintain appropriate behavior and refrain from making comments or statements, on social media or elsewhere, that could harm the values, image, or interests of the ALFG.<\/li><li class=\"p1\">To behave respectfully on golf courses, including wearing appropriate attire<\/li><li class=\"p1\">To comply with the international rules of the FIFG<\/li><li class=\"p1\">To commit to upholding and promoting the three major Olympic values embraced by the ALFG as a member of the COSL: friendship, respect, and excellence<\/li><\/ul>\t\t\t\t\t\t\t\t<\/div>\n\t\t\t\t<div class=\"elementor-element elementor-element-fd20802 elementor-invisible elementor-widget elementor-widget-text-editor\" data-id=\"fd20802\" data-element_type=\"widget\" data-e-type=\"widget\" data-settings=\"{&quot;_animation&quot;:&quot;fadeInUp&quot;,&quot;_animation_delay&quot;:200,&quot;ekit_we_effect_on&quot;:&quot;none&quot;}\" data-widget_type=\"text-editor.default\">\n\t\t\t\t\t\t\t\t\t<p class=\"p1\"><strong>Unacceptable behavior on the golf course results in a penalty:<\/strong><\/p>\t\t\t\t\t\t\t\t<\/div>\n\t\t\t\t<div class=\"elementor-element elementor-element-6248c66 elementor-invisible elementor-widget elementor-widget-text-editor\" data-id=\"6248c66\" data-element_type=\"widget\" data-e-type=\"widget\" data-settings=\"{&quot;_animation&quot;:&quot;fadeInUp&quot;,&quot;_animation_delay&quot;:200,&quot;ekit_we_effect_on&quot;:&quot;none&quot;}\" data-widget_type=\"text-editor.default\">\n\t\t\t\t\t\t\t\t\t<ul><li class=\"p1\"><p class=\"p1\">Possession of illegal substances<\/p><\/li><li class=\"p1\"><p class=\"p1\">Failure or refusal to comply with FootGolf rules or to cooperate with tournament officials<\/p><\/li><li class=\"p1\"><p class=\"p1\">Cheating<\/p><\/li><li class=\"p1\"><p class=\"p1\">\u00a0Throwing or kicking the ball in anger<\/p><\/li><li class=\"p1\"><p class=\"p1\">Smoking, including electronic cigarettes, during tournaments and on the course<\/p><\/li><\/ul>\t\t\t\t\t\t\t\t<\/div>\n\t\t\t\t<div class=\"elementor-element elementor-element-c4b7807 elementor-invisible elementor-widget elementor-widget-text-editor\" data-id=\"c4b7807\" data-element_type=\"widget\" data-e-type=\"widget\" data-settings=\"{&quot;_animation&quot;:&quot;fadeInUp&quot;,&quot;_animation_delay&quot;:200,&quot;ekit_we_effect_on&quot;:&quot;none&quot;}\" data-widget_type=\"text-editor.default\">\n\t\t\t\t\t\t\t\t\t<p class=\"p1\"><strong>Additional point:<\/strong><\/p>\t\t\t\t\t\t\t\t<\/div>\n\t\t\t\t<div class=\"elementor-element elementor-element-d176fcb elementor-invisible elementor-widget elementor-widget-text-editor\" data-id=\"d176fcb\" data-element_type=\"widget\" data-e-type=\"widget\" data-settings=\"{&quot;_animation&quot;:&quot;fadeInUp&quot;,&quot;_animation_delay&quot;:200,&quot;ekit_we_effect_on&quot;:&quot;none&quot;}\" data-widget_type=\"text-editor.default\">\n\t\t\t\t\t\t\t\t\t<ul><li class=\"p1\"><p class=\"p1\">Obligation to submit a scorecard signed by the entire flight<\/p><\/li><\/ul>\t\t\t\t\t\t\t\t<\/div>\n\t\t\t\t<div class=\"elementor-element elementor-element-430abf6 elementor-invisible elementor-widget elementor-widget-text-editor\" data-id=\"430abf6\" data-element_type=\"widget\" data-e-type=\"widget\" data-settings=\"{&quot;_animation&quot;:&quot;fadeInUp&quot;,&quot;_animation_delay&quot;:200,&quot;ekit_we_effect_on&quot;:&quot;none&quot;}\" data-widget_type=\"text-editor.default\">\n\t\t\t\t\t\t\t\t\t<p class=\"p1 translation-block\"><strong>ANY MEMBERSHIP IN THE ALFG VALIDATES AND IMPLIES ACCEPTANCE OF THIS CHARTER.<\/strong> <strong>IN THE EVENT OF NON-COMPLIANCE WITH THIS CHARTER, THE PLAYER IS LIABLE TO<\/strong> <strong>DISCIPLINARY SANCTIONS AS PROVIDED FOR BY THE BOARD OF DIRECTORS<\/strong> <strong>(WARNING, SANCTIONS, DISQUALIFICATION).<\/strong><\/p>\t\t\t\t\t\t\t\t<\/div>\n\t\t\t\t<\/div>\n\t\t\t\t\t<\/div>\n\t\t\t\t<\/div>\n\t\t\t\t<\/div>","protected":false},"excerpt":{"rendered":"<p>Charte du Fair-Player Les principes et r\u00e8gles de conduite des licenci\u00e9s de [&hellip;]<\/p>\n","protected":false},"author":1,"featured_media":0,"parent":0,"menu_order":0,"comment_status":"closed","ping_status":"closed","template":"elementor_header_footer","meta":{"footnotes":""},"class_list":["post-7358","page","type-page","status-publish","hentry"],"yoast_head":"<!-- This site is optimized with the Yoast SEO plugin v27.0 - https:\/\/yoast.com\/product\/yoast-seo-wordpress\/ -->\n<title>CHARTE DU FAIR-PLAYER - F\u00e9d\u00e9ration Luxembourgeoise de FootGolf<\/title>\n<meta name=\"description\" content=\"Charte du fair-player | Les principes et r\u00e8gles de conduite des licenci\u00e9s de l\u2019ALFG\" \/>\n<meta name=\"robots\" content=\"index, follow, max-snippet:-1, max-image-preview:large, max-video-preview:-1\" \/>\n<link rel=\"canonical\" href=\"https:\/\/www.footgolf.lu\/en\/charte-du-fair-player\/\" \/>\n<meta property=\"og:locale\" content=\"en_US\" \/>\n<meta property=\"og:type\" content=\"article\" \/>\n<meta property=\"og:title\" content=\"CHARTE DU FAIR-PLAYER - F\u00e9d\u00e9ration Luxembourgeoise de FootGolf\" \/>\n<meta property=\"og:description\" content=\"Charte du fair-player | Les principes et r\u00e8gles de conduite des licenci\u00e9s de l\u2019ALFG\" \/>\n<meta property=\"og:url\" content=\"https:\/\/www.footgolf.lu\/en\/charte-du-fair-player\/\" \/>\n<meta property=\"og:site_name\" content=\"F\u00e9d\u00e9ration Luxembourgeoise de FootGolf\" \/>\n<meta property=\"article:modified_time\" content=\"2026-01-26T14:48:30+00:00\" \/>\n<meta name=\"twitter:card\" content=\"summary_large_image\" \/>\n<meta name=\"twitter:label1\" content=\"Est. reading time\" \/>\n\t<meta name=\"twitter:data1\" content=\"2 minutes\" \/>\n<script type=\"application\/ld+json\" class=\"yoast-schema-graph\">{\"@context\":\"https:\/\/schema.org\",\"@graph\":[{\"@type\":\"WebPage\",\"@id\":\"https:\/\/www.footgolf.lu\/charte-du-fair-player\/\",\"url\":\"https:\/\/www.footgolf.lu\/charte-du-fair-player\/\",\"name\":\"CHARTE DU FAIR-PLAYER - F\u00e9d\u00e9ration Luxembourgeoise de FootGolf\",\"isPartOf\":{\"@id\":\"https:\/\/www.footgolf.lu\/#website\"},\"datePublished\":\"2026-01-19T22:42:47+00:00\",\"dateModified\":\"2026-01-26T14:48:30+00:00\",\"description\":\"Charte du fair-player | Les principes et r\u00e8gles de conduite des licenci\u00e9s de l\u2019ALFG\",\"breadcrumb\":{\"@id\":\"https:\/\/www.footgolf.lu\/charte-du-fair-player\/#breadcrumb\"},\"inLanguage\":\"en-US\",\"potentialAction\":[{\"@type\":\"ReadAction\",\"target\":[\"https:\/\/www.footgolf.lu\/charte-du-fair-player\/\"]}]},{\"@type\":\"BreadcrumbList\",\"@id\":\"https:\/\/www.footgolf.lu\/charte-du-fair-player\/#breadcrumb\",\"itemListElement\":[{\"@type\":\"ListItem\",\"position\":1,\"name\":\"Accueil\",\"item\":\"https:\/\/www.footgolf.lu\/\"},{\"@type\":\"ListItem\",\"position\":2,\"name\":\"CHARTE DU FAIR-PLAYER\"}]},{\"@type\":\"WebSite\",\"@id\":\"https:\/\/www.footgolf.lu\/#website\",\"url\":\"https:\/\/www.footgolf.lu\/\",\"name\":\"F\u00e9d\u00e9ration Luxembourgeoise de FootGolf\",\"description\":\"FootGolf L\u00ebtzebuerg Federation\",\"publisher\":{\"@id\":\"https:\/\/www.footgolf.lu\/#organization\"},\"potentialAction\":[{\"@type\":\"SearchAction\",\"target\":{\"@type\":\"EntryPoint\",\"urlTemplate\":\"https:\/\/www.footgolf.lu\/?s={search_term_string}\"},\"query-input\":{\"@type\":\"PropertyValueSpecification\",\"valueRequired\":true,\"valueName\":\"search_term_string\"}}],\"inLanguage\":\"en-US\"},{\"@type\":\"Organization\",\"@id\":\"https:\/\/www.footgolf.lu\/#organization\",\"name\":\"F\u00e9d\u00e9ration Luxembourgeoise de FootGolf\",\"url\":\"https:\/\/www.footgolf.lu\/\",\"logo\":{\"@type\":\"ImageObject\",\"inLanguage\":\"en-US\",\"@id\":\"https:\/\/www.footgolf.lu\/#\/schema\/logo\/image\/\",\"url\":\"https:\/\/www.footgolf.lu\/footgolf.lu\/home\/wp-content\/uploads\/2021\/08\/logo.jpg\",\"contentUrl\":\"https:\/\/www.footgolf.lu\/footgolf.lu\/home\/wp-content\/uploads\/2021\/08\/logo.jpg\",\"width\":221,\"height\":200,\"caption\":\"F\u00e9d\u00e9ration Luxembourgeoise de FootGolf\"},\"image\":{\"@id\":\"https:\/\/www.footgolf.lu\/#\/schema\/logo\/image\/\"}}]}<\/script>\n<!-- \/ Yoast SEO plugin. -->","yoast_head_json":{"title":"CHARTE DU FAIR-PLAYER - F\u00e9d\u00e9ration Luxembourgeoise de FootGolf","description":"Charte du fair-player | Les principes et r\u00e8gles de conduite des licenci\u00e9s de l\u2019ALFG","robots":{"index":"index","follow":"follow","max-snippet":"max-snippet:-1","max-image-preview":"max-image-preview:large","max-video-preview":"max-video-preview:-1"},"canonical":"https:\/\/www.footgolf.lu\/en\/charte-du-fair-player\/","og_locale":"en_US","og_type":"article","og_title":"CHARTE DU FAIR-PLAYER - F\u00e9d\u00e9ration Luxembourgeoise de FootGolf","og_description":"Charte du fair-player | Les principes et r\u00e8gles de conduite des licenci\u00e9s de l\u2019ALFG","og_url":"https:\/\/www.footgolf.lu\/en\/charte-du-fair-player\/","og_site_name":"F\u00e9d\u00e9ration Luxembourgeoise de FootGolf","article_modified_time":"2026-01-26T14:48:30+00:00","twitter_card":"summary_large_image","twitter_misc":{"Est. reading time":"2 minutes"},"schema":{"@context":"https:\/\/schema.org","@graph":[{"@type":"WebPage","@id":"https:\/\/www.footgolf.lu\/charte-du-fair-player\/","url":"https:\/\/www.footgolf.lu\/charte-du-fair-player\/","name":"CHARTE DU FAIR-PLAYER - F\u00e9d\u00e9ration Luxembourgeoise de FootGolf","isPartOf":{"@id":"https:\/\/www.footgolf.lu\/#website"},"datePublished":"2026-01-19T22:42:47+00:00","dateModified":"2026-01-26T14:48:30+00:00","description":"Charte du fair-player | Les principes et r\u00e8gles de conduite des licenci\u00e9s de l\u2019ALFG","breadcrumb":{"@id":"https:\/\/www.footgolf.lu\/charte-du-fair-player\/#breadcrumb"},"inLanguage":"en-US","potentialAction":[{"@type":"ReadAction","target":["https:\/\/www.footgolf.lu\/charte-du-fair-player\/"]}]},{"@type":"BreadcrumbList","@id":"https:\/\/www.footgolf.lu\/charte-du-fair-player\/#breadcrumb","itemListElement":[{"@type":"ListItem","position":1,"name":"Accueil","item":"https:\/\/www.footgolf.lu\/"},{"@type":"ListItem","position":2,"name":"CHARTE DU FAIR-PLAYER"}]},{"@type":"WebSite","@id":"https:\/\/www.footgolf.lu\/#website","url":"https:\/\/www.footgolf.lu\/","name":"F\u00e9d\u00e9ration Luxembourgeoise de FootGolf","description":"FootGolf L\u00ebtzebuerg Federation","publisher":{"@id":"https:\/\/www.footgolf.lu\/#organization"},"potentialAction":[{"@type":"SearchAction","target":{"@type":"EntryPoint","urlTemplate":"https:\/\/www.footgolf.lu\/?s={search_term_string}"},"query-input":{"@type":"PropertyValueSpecification","valueRequired":true,"valueName":"search_term_string"}}],"inLanguage":"en-US"},{"@type":"Organization","@id":"https:\/\/www.footgolf.lu\/#organization","name":"F\u00e9d\u00e9ration Luxembourgeoise de FootGolf","url":"https:\/\/www.footgolf.lu\/","logo":{"@type":"ImageObject","inLanguage":"en-US","@id":"https:\/\/www.footgolf.lu\/#\/schema\/logo\/image\/","url":"https:\/\/www.footgolf.lu\/footgolf.lu\/home\/wp-content\/uploads\/2021\/08\/logo.jpg","contentUrl":"https:\/\/www.footgolf.lu\/footgolf.lu\/home\/wp-content\/uploads\/2021\/08\/logo.jpg","width":221,"height":200,"caption":"F\u00e9d\u00e9ration Luxembourgeoise de FootGolf"},"image":{"@id":"https:\/\/www.footgolf.lu\/#\/schema\/logo\/image\/"}}]}},"_links":{"self":[{"href":"https:\/\/www.footgolf.lu\/en\/wp-json\/wp\/v2\/pages\/7358","targetHints":{"allow":["GET"]}}],"collection":[{"href":"https:\/\/www.footgolf.lu\/en\/wp-json\/wp\/v2\/pages"}],"about":[{"href":"https:\/\/www.footgolf.lu\/en\/wp-json\/wp\/v2\/types\/page"}],"author":[{"embeddable":true,"href":"https:\/\/www.footgolf.lu\/en\/wp-json\/wp\/v2\/users\/1"}],"replies":[{"embeddable":true,"href":"https:\/\/www.footgolf.lu\/en\/wp-json\/wp\/v2\/comments?post=7358"}],"version-history":[{"count":14,"href":"https:\/\/www.footgolf.lu\/en\/wp-json\/wp\/v2\/pages\/7358\/revisions"}],"predecessor-version":[{"id":7457,"href":"https:\/\/www.footgolf.lu\/en\/wp-json\/wp\/v2\/pages\/7358\/revisions\/7457"}],"wp:attachment":[{"href":"https:\/\/www.footgolf.lu\/en\/wp-json\/wp\/v2\/media?parent=7358"}],"curies":[{"name":"wp","href":"https:\/\/api.w.org\/{rel}","templated":true}]}}