{"id":3829,"date":"2025-05-30T12:16:04","date_gmt":"2025-05-30T12:16:04","guid":{"rendered":"https:\/\/demo.awaikenthemes.com\/footclub\/?page_id=3829"},"modified":"2025-05-30T12:16:04","modified_gmt":"2025-05-30T12:16:04","slug":"image-gallery","status":"publish","type":"page","link":"https:\/\/www.footgolf.lu\/en\/image-gallery\/","title":{"rendered":"Image Gallery"},"content":{"rendered":"<div data-elementor-type=\"wp-page\" data-elementor-id=\"3829\" class=\"elementor elementor-3829\" data-elementor-post-type=\"page\">\n\t\t\t\t<div class=\"elementor-element elementor-element-5316594 section-page-header e-flex e-con-boxed e-con e-parent\" data-id=\"5316594\" data-element_type=\"container\" data-e-type=\"container\" data-settings=\"{&quot;background_background&quot;:&quot;classic&quot;}\">\n\t\t\t\t\t<div class=\"e-con-inner\">\n\t\t<div class=\"elementor-element elementor-element-b71cdd6 e-con-full e-flex e-con e-child\" data-id=\"b71cdd6\" data-element_type=\"container\" data-e-type=\"container\">\n\t\t\t\t<div class=\"elementor-element elementor-element-a9ae6c9 at-heading-animation at-animation-heading-style-2 elementor-widget elementor-widget-heading\" data-id=\"a9ae6c9\" data-element_type=\"widget\" data-e-type=\"widget\" data-settings=\"{&quot;ekit_we_effect_on&quot;:&quot;none&quot;}\" data-widget_type=\"heading.default\">\n\t\t\t\t\t<h1 class=\"elementor-heading-title elementor-size-default\">OUR  <span> GALLERY <\/span> <\/h1>\t\t\t\t<\/div>\n\t\t\t\t<div class=\"elementor-element elementor-element-68e8eee elementor-invisible elementor-widget elementor-widget-footclub-breadcrumb\" data-id=\"68e8eee\" data-element_type=\"widget\" data-e-type=\"widget\" data-settings=\"{&quot;_animation&quot;:&quot;fadeInUp&quot;,&quot;ekit_we_effect_on&quot;:&quot;none&quot;}\" data-widget_type=\"footclub-breadcrumb.default\">\n\t\t\t\t<div class=\"elementor-widget-container\">\n\t\t\t\t\t<div role=\"navigation\" aria-label=\"Breadcrumbs\" class=\"breadcrumb-trail breadcrumbs\"><ol class=\"trail-items\"><li class=\"trail-item trail-end\"><a href=\"https:\/\/www.footgolf.lu\/en\/\" rel=\"home\"><span>Home<\/span><\/a><\/li><\/ol><\/div>\t\t\t\t<\/div>\n\t\t\t\t<\/div>\n\t\t\t\t<\/div>\n\t\t\t\t\t<\/div>\n\t\t\t\t<\/div>\n\t\t<div class=\"elementor-element elementor-element-27e65ac e-con-full e-flex e-con e-parent\" data-id=\"27e65ac\" data-element_type=\"container\" data-e-type=\"container\">\n\t\t<div class=\"elementor-element elementor-element-2565dd5 e-con-full e-flex e-con e-child\" data-id=\"2565dd5\" data-element_type=\"container\" data-e-type=\"container\">\n\t\t\t\t<div class=\"elementor-element elementor-element-b661e36 our-scrolling-ticker ticker-position-left elementor-widget elementor-widget-elementskit-content-ticker\" data-id=\"b661e36\" data-element_type=\"widget\" data-e-type=\"widget\" data-settings=\"{&quot;ekit_we_effect_on&quot;:&quot;none&quot;}\" data-widget_type=\"elementskit-content-ticker.default\">\n\t\t\t\t\t<div class=\"ekit-wid-con\" >\n\t\t<div id=\"content-ticker-b661e36\" class=\"ekit-content-ticker-wrapper\" data-content-settings=\"{&quot;type&quot;:&quot;content_ticker&quot;,&quot;settingOptions&quot;:{&quot;tickerSpeed&quot;:30,&quot;tickerDirection&quot;:null,&quot;tickerEffect&quot;:&quot;marquee&quot;,&quot;tickerAutoPlay&quot;:null,&quot;tickerDelay&quot;:3,&quot;tickerReverseDirection&quot;:&quot;&quot;,&quot;tickerGapBetween&quot;:&quot;&quot;,&quot;tickerGrabCursor&quot;:null}}\">\n\t\t\t<div class=\"ekit-content-items\">\n\t\t\t\t\t\t\t\t\t<div class=\"ticker ekitMarqueeSwiper ekit-marquee\">\n\t\t\t\t\t\t<div class=\"marquee-wrapper\">\n\t\t\t\t\t\t\t\t\t\t<div class=\"elementor-repeater-item-a3aa200 ekit-marquee-item ticker-item\">\n\t\t\t\t<img fetchpriority=\"high\" decoding=\"async\" width=\"1290\" height=\"600\" src=\"https:\/\/www.footgolf.lu\/footgolf.lu\/home\/wp-content\/uploads\/2016\/04\/Beneluxdef.jpg\" class=\"attachment-full size-full wp-image-435\" alt=\"\" srcset=\"https:\/\/www.footgolf.lu\/footgolf.lu\/home\/wp-content\/uploads\/2016\/04\/Beneluxdef.jpg 1290w, https:\/\/www.footgolf.lu\/footgolf.lu\/home\/wp-content\/uploads\/2016\/04\/Beneluxdef-600x279.jpg 600w\" sizes=\"(max-width: 1290px) 100vw, 1290px\" \/> \n\t\t\t\t<div class=\"ekit-title-and-description\">\n\t\t\t\t\t<a >EXPLORE NOW<\/a>\n\t\t\t\t\t\t\t\t\t<\/div>\n\t\t\t<\/div>\n\t\t\t\t\t<div class=\"elementor-repeater-item-cccdd06 ekit-marquee-item ticker-item\">\n\t\t\t\t<img fetchpriority=\"high\" decoding=\"async\" width=\"1290\" height=\"600\" src=\"https:\/\/www.footgolf.lu\/footgolf.lu\/home\/wp-content\/uploads\/2016\/04\/Beneluxdef.jpg\" class=\"attachment-full size-full wp-image-435\" alt=\"\" srcset=\"https:\/\/www.footgolf.lu\/footgolf.lu\/home\/wp-content\/uploads\/2016\/04\/Beneluxdef.jpg 1290w, https:\/\/www.footgolf.lu\/footgolf.lu\/home\/wp-content\/uploads\/2016\/04\/Beneluxdef-600x279.jpg 600w\" sizes=\"(max-width: 1290px) 100vw, 1290px\" \/> \n\t\t\t\t<div class=\"ekit-title-and-description\">\n\t\t\t\t\t<a >PURCHESE NOW<\/a>\n\t\t\t\t\t\t\t\t\t<\/div>\n\t\t\t<\/div>\n\t\t\t\t\t<div class=\"elementor-repeater-item-8fe2ef2 ekit-marquee-item ticker-item\">\n\t\t\t\t<img fetchpriority=\"high\" decoding=\"async\" width=\"1290\" height=\"600\" src=\"https:\/\/www.footgolf.lu\/footgolf.lu\/home\/wp-content\/uploads\/2016\/04\/Beneluxdef.jpg\" class=\"attachment-full size-full wp-image-435\" alt=\"\" srcset=\"https:\/\/www.footgolf.lu\/footgolf.lu\/home\/wp-content\/uploads\/2016\/04\/Beneluxdef.jpg 1290w, https:\/\/www.footgolf.lu\/footgolf.lu\/home\/wp-content\/uploads\/2016\/04\/Beneluxdef-600x279.jpg 600w\" sizes=\"(max-width: 1290px) 100vw, 1290px\" \/> \n\t\t\t\t<div class=\"ekit-title-and-description\">\n\t\t\t\t\t<a >LIMITED TIME DEAL<\/a>\n\t\t\t\t\t\t\t\t\t<\/div>\n\t\t\t<\/div>\n\t\t\t\t\t<div class=\"elementor-repeater-item-6a37025 ekit-marquee-item ticker-item\">\n\t\t\t\t<img fetchpriority=\"high\" decoding=\"async\" width=\"1290\" height=\"600\" src=\"https:\/\/www.footgolf.lu\/footgolf.lu\/home\/wp-content\/uploads\/2016\/04\/Beneluxdef.jpg\" class=\"attachment-full size-full wp-image-435\" alt=\"\" srcset=\"https:\/\/www.footgolf.lu\/footgolf.lu\/home\/wp-content\/uploads\/2016\/04\/Beneluxdef.jpg 1290w, https:\/\/www.footgolf.lu\/footgolf.lu\/home\/wp-content\/uploads\/2016\/04\/Beneluxdef-600x279.jpg 600w\" sizes=\"(max-width: 1290px) 100vw, 1290px\" \/> \n\t\t\t\t<div class=\"ekit-title-and-description\">\n\t\t\t\t\t<a >BUY THEME<\/a>\n\t\t\t\t\t\t\t\t\t<\/div>\n\t\t\t<\/div>\n\t\t\t\t\t<div class=\"elementor-repeater-item-d38409e ekit-marquee-item ticker-item\">\n\t\t\t\t<img fetchpriority=\"high\" decoding=\"async\" width=\"1290\" height=\"600\" src=\"https:\/\/www.footgolf.lu\/footgolf.lu\/home\/wp-content\/uploads\/2016\/04\/Beneluxdef.jpg\" class=\"attachment-full size-full wp-image-435\" alt=\"\" srcset=\"https:\/\/www.footgolf.lu\/footgolf.lu\/home\/wp-content\/uploads\/2016\/04\/Beneluxdef.jpg 1290w, https:\/\/www.footgolf.lu\/footgolf.lu\/home\/wp-content\/uploads\/2016\/04\/Beneluxdef-600x279.jpg 600w\" sizes=\"(max-width: 1290px) 100vw, 1290px\" \/> \n\t\t\t\t<div class=\"ekit-title-and-description\">\n\t\t\t\t\t<a >EXPLORE NOW<\/a>\n\t\t\t\t\t\t\t\t\t<\/div>\n\t\t\t<\/div>\n\t\t\t\t\t<div class=\"elementor-repeater-item-f8a0588 ekit-marquee-item ticker-item\">\n\t\t\t\t<img fetchpriority=\"high\" decoding=\"async\" width=\"1290\" height=\"600\" src=\"https:\/\/www.footgolf.lu\/footgolf.lu\/home\/wp-content\/uploads\/2016\/04\/Beneluxdef.jpg\" class=\"attachment-full size-full wp-image-435\" alt=\"\" srcset=\"https:\/\/www.footgolf.lu\/footgolf.lu\/home\/wp-content\/uploads\/2016\/04\/Beneluxdef.jpg 1290w, https:\/\/www.footgolf.lu\/footgolf.lu\/home\/wp-content\/uploads\/2016\/04\/Beneluxdef-600x279.jpg 600w\" sizes=\"(max-width: 1290px) 100vw, 1290px\" \/> \n\t\t\t\t<div class=\"ekit-title-and-description\">\n\t\t\t\t\t<a >PURCHESE NOW<\/a>\n\t\t\t\t\t\t\t\t\t<\/div>\n\t\t\t<\/div>\n\t\t\t\t\t<div class=\"elementor-repeater-item-7b033a2 ekit-marquee-item ticker-item\">\n\t\t\t\t<img fetchpriority=\"high\" decoding=\"async\" width=\"1290\" height=\"600\" src=\"https:\/\/www.footgolf.lu\/footgolf.lu\/home\/wp-content\/uploads\/2016\/04\/Beneluxdef.jpg\" class=\"attachment-full size-full wp-image-435\" alt=\"\" srcset=\"https:\/\/www.footgolf.lu\/footgolf.lu\/home\/wp-content\/uploads\/2016\/04\/Beneluxdef.jpg 1290w, https:\/\/www.footgolf.lu\/footgolf.lu\/home\/wp-content\/uploads\/2016\/04\/Beneluxdef-600x279.jpg 600w\" sizes=\"(max-width: 1290px) 100vw, 1290px\" \/> \n\t\t\t\t<div class=\"ekit-title-and-description\">\n\t\t\t\t\t<a >LIMITED TIME DEAL<\/a>\n\t\t\t\t\t\t\t\t\t<\/div>\n\t\t\t<\/div>\n\t\t\t\t\t<div class=\"elementor-repeater-item-3ddf497 ekit-marquee-item ticker-item\">\n\t\t\t\t<img fetchpriority=\"high\" decoding=\"async\" width=\"1290\" height=\"600\" src=\"https:\/\/www.footgolf.lu\/footgolf.lu\/home\/wp-content\/uploads\/2016\/04\/Beneluxdef.jpg\" class=\"attachment-full size-full wp-image-435\" alt=\"\" srcset=\"https:\/\/www.footgolf.lu\/footgolf.lu\/home\/wp-content\/uploads\/2016\/04\/Beneluxdef.jpg 1290w, https:\/\/www.footgolf.lu\/footgolf.lu\/home\/wp-content\/uploads\/2016\/04\/Beneluxdef-600x279.jpg 600w\" sizes=\"(max-width: 1290px) 100vw, 1290px\" \/> \n\t\t\t\t<div class=\"ekit-title-and-description\">\n\t\t\t\t\t<a >BUY THEME<\/a>\n\t\t\t\t\t\t\t\t\t<\/div>\n\t\t\t<\/div>\n\t\t\t\t\t\t\t\t<\/div>\n\t\t\t\t\t<\/div>\n\t\t\t\t\t\t\t<\/div>\n\t\t<\/div>\n\t\t<\/div>\t\t\t\t<\/div>\n\t\t\t\t<\/div>\n\t\t\t\t<\/div>\n\t\t<div class=\"elementor-element elementor-element-42c2255 e-flex e-con-boxed e-con e-parent\" data-id=\"42c2255\" data-element_type=\"container\" data-e-type=\"container\">\n\t\t\t\t\t<div class=\"e-con-inner\">\n\t\t<div class=\"elementor-element elementor-element-21af822 e-con-full e-flex elementor-invisible e-con e-child\" data-id=\"21af822\" data-element_type=\"container\" data-e-type=\"container\" data-settings=\"{&quot;animation&quot;:&quot;fadeInUp&quot;,&quot;animation_delay&quot;:100}\">\n\t\t\t\t<div class=\"elementor-element elementor-element-8e1a77d gallery-spacing-custom gallery-items elementor-widget elementor-widget-image-gallery\" data-id=\"8e1a77d\" data-element_type=\"widget\" data-e-type=\"widget\" data-settings=\"{&quot;ekit_we_effect_on&quot;:&quot;none&quot;}\" data-widget_type=\"image-gallery.default\">\n\t\t\t\t\t\t\t<div class=\"elementor-image-gallery\">\n\t\t\t<div id='gallery-1' class='gallery galleryid-3829 gallery-columns-3 gallery-size-full'><figure class='gallery-item'>\n\t\t\t<div class='gallery-icon portrait'>\n\t\t\t\t<a data-elementor-open-lightbox=\"yes\" data-elementor-lightbox-slideshow=\"8e1a77d\" data-elementor-lightbox-title=\"slide1-tel\" data-e-action-hash=\"#elementor-action%3Aaction%3Dlightbox%26settings%3DeyJpZCI6Mzg1OSwidXJsIjoiaHR0cHM6XC9cL3d3dy5mb290Z29sZi5sdVwvZm9vdGdvbGYubHVcL2hvbWVcL3dwLWNvbnRlbnRcL3VwbG9hZHNcLzIwMjFcLzA4XC9zbGlkZTEtdGVsLTIucG5nIiwic2xpZGVzaG93IjoiOGUxYTc3ZCJ9\" href='https:\/\/www.footgolf.lu\/footgolf.lu\/home\/wp-content\/uploads\/2021\/08\/slide1-tel-2.png'><img decoding=\"async\" width=\"557\" height=\"589\" src=\"https:\/\/www.footgolf.lu\/footgolf.lu\/home\/wp-content\/uploads\/2021\/08\/slide1-tel-2.png\" class=\"attachment-full size-full\" alt=\"\" srcset=\"https:\/\/www.footgolf.lu\/footgolf.lu\/home\/wp-content\/uploads\/2021\/08\/slide1-tel-2.png 557w, https:\/\/www.footgolf.lu\/footgolf.lu\/home\/wp-content\/uploads\/2021\/08\/slide1-tel-2-284x300.png 284w\" sizes=\"(max-width: 557px) 100vw, 557px\" \/><\/a>\n\t\t\t<\/div><\/figure><figure class='gallery-item'>\n\t\t\t<div class='gallery-icon portrait'>\n\t\t\t\t<a data-elementor-open-lightbox=\"yes\" data-elementor-lightbox-slideshow=\"8e1a77d\" data-elementor-lightbox-title=\"slide2-tel\" data-e-action-hash=\"#elementor-action%3Aaction%3Dlightbox%26settings%3DeyJpZCI6Mzg2MSwidXJsIjoiaHR0cHM6XC9cL3d3dy5mb290Z29sZi5sdVwvZm9vdGdvbGYubHVcL2hvbWVcL3dwLWNvbnRlbnRcL3VwbG9hZHNcLzIwMjFcLzA4XC9zbGlkZTItdGVsLTIucG5nIiwic2xpZGVzaG93IjoiOGUxYTc3ZCJ9\" href='https:\/\/www.footgolf.lu\/footgolf.lu\/home\/wp-content\/uploads\/2021\/08\/slide2-tel-2.png'><img decoding=\"async\" width=\"557\" height=\"589\" src=\"https:\/\/www.footgolf.lu\/footgolf.lu\/home\/wp-content\/uploads\/2021\/08\/slide2-tel-2.png\" class=\"attachment-full size-full\" alt=\"\" srcset=\"https:\/\/www.footgolf.lu\/footgolf.lu\/home\/wp-content\/uploads\/2021\/08\/slide2-tel-2.png 557w, https:\/\/www.footgolf.lu\/footgolf.lu\/home\/wp-content\/uploads\/2021\/08\/slide2-tel-2-284x300.png 284w\" sizes=\"(max-width: 557px) 100vw, 557px\" \/><\/a>\n\t\t\t<\/div><\/figure><figure class='gallery-item'>\n\t\t\t<div class='gallery-icon portrait'>\n\t\t\t\t<a data-elementor-open-lightbox=\"yes\" data-elementor-lightbox-slideshow=\"8e1a77d\" data-elementor-lightbox-title=\"slide3-tel\" data-e-action-hash=\"#elementor-action%3Aaction%3Dlightbox%26settings%3DeyJpZCI6Mzg2MiwidXJsIjoiaHR0cHM6XC9cL3d3dy5mb290Z29sZi5sdVwvZm9vdGdvbGYubHVcL2hvbWVcL3dwLWNvbnRlbnRcL3VwbG9hZHNcLzIwMjFcLzA4XC9zbGlkZTMtdGVsLTIucG5nIiwic2xpZGVzaG93IjoiOGUxYTc3ZCJ9\" href='https:\/\/www.footgolf.lu\/footgolf.lu\/home\/wp-content\/uploads\/2021\/08\/slide3-tel-2.png'><img loading=\"lazy\" decoding=\"async\" width=\"557\" height=\"589\" src=\"https:\/\/www.footgolf.lu\/footgolf.lu\/home\/wp-content\/uploads\/2021\/08\/slide3-tel-2.png\" class=\"attachment-full size-full\" alt=\"\" srcset=\"https:\/\/www.footgolf.lu\/footgolf.lu\/home\/wp-content\/uploads\/2021\/08\/slide3-tel-2.png 557w, https:\/\/www.footgolf.lu\/footgolf.lu\/home\/wp-content\/uploads\/2021\/08\/slide3-tel-2-284x300.png 284w\" sizes=\"(max-width: 557px) 100vw, 557px\" \/><\/a>\n\t\t\t<\/div><\/figure>\n\t\t<\/div>\n\t\t<\/div>\n\t\t\t\t\t\t<\/div>\n\t\t\t\t<\/div>\n\t\t\t\t\t<\/div>\n\t\t\t\t<\/div>\n\t\t\t\t<\/div>","protected":false},"excerpt":{"rendered":"<p>OUR GALLERY Home EXPLORE NOW PURCHESE NOW LIMITED TIME DEAL BUY THEME [&hellip;]<\/p>\n","protected":false},"author":1,"featured_media":0,"parent":0,"menu_order":0,"comment_status":"closed","ping_status":"closed","template":"elementor_header_footer","meta":{"footnotes":""},"class_list":["post-3829","page","type-page","status-publish","hentry"],"yoast_head":"<!-- This site is optimized with the Yoast SEO plugin v27.0 - https:\/\/yoast.com\/product\/yoast-seo-wordpress\/ -->\n<title>Image Gallery - F\u00e9d\u00e9ration Luxembourgeoise de FootGolf<\/title>\n<meta name=\"robots\" content=\"index, follow, max-snippet:-1, max-image-preview:large, max-video-preview:-1\" \/>\n<link rel=\"canonical\" href=\"https:\/\/www.footgolf.lu\/en\/image-gallery\/\" \/>\n<meta property=\"og:locale\" content=\"en_US\" \/>\n<meta property=\"og:type\" content=\"article\" \/>\n<meta property=\"og:title\" content=\"Image Gallery - F\u00e9d\u00e9ration Luxembourgeoise de FootGolf\" \/>\n<meta property=\"og:description\" content=\"OUR GALLERY Home EXPLORE NOW PURCHESE NOW LIMITED TIME DEAL BUY THEME [&hellip;]\" \/>\n<meta property=\"og:url\" content=\"https:\/\/www.footgolf.lu\/en\/image-gallery\/\" \/>\n<meta property=\"og:site_name\" content=\"F\u00e9d\u00e9ration Luxembourgeoise de FootGolf\" \/>\n<meta property=\"og:image\" content=\"https:\/\/demo.awaikenthemes.com\/footclub\/wp-content\/uploads\/2025\/05\/icon-football.svg\" \/>\n<meta name=\"twitter:card\" content=\"summary_large_image\" \/>\n<script type=\"application\/ld+json\" class=\"yoast-schema-graph\">{\"@context\":\"https:\/\/schema.org\",\"@graph\":[{\"@type\":\"WebPage\",\"@id\":\"https:\/\/www.footgolf.lu\/image-gallery\/\",\"url\":\"https:\/\/www.footgolf.lu\/image-gallery\/\",\"name\":\"Image Gallery - F\u00e9d\u00e9ration Luxembourgeoise de FootGolf\",\"isPartOf\":{\"@id\":\"https:\/\/www.footgolf.lu\/#website\"},\"primaryImageOfPage\":{\"@id\":\"https:\/\/www.footgolf.lu\/image-gallery\/#primaryimage\"},\"image\":{\"@id\":\"https:\/\/www.footgolf.lu\/image-gallery\/#primaryimage\"},\"thumbnailUrl\":\"https:\/\/demo.awaikenthemes.com\/footclub\/wp-content\/uploads\/2025\/05\/icon-football.svg\",\"datePublished\":\"2025-05-30T12:16:04+00:00\",\"breadcrumb\":{\"@id\":\"https:\/\/www.footgolf.lu\/image-gallery\/#breadcrumb\"},\"inLanguage\":\"en-US\",\"potentialAction\":[{\"@type\":\"ReadAction\",\"target\":[\"https:\/\/www.footgolf.lu\/image-gallery\/\"]}]},{\"@type\":\"ImageObject\",\"inLanguage\":\"en-US\",\"@id\":\"https:\/\/www.footgolf.lu\/image-gallery\/#primaryimage\",\"url\":\"https:\/\/demo.awaikenthemes.com\/footclub\/wp-content\/uploads\/2025\/05\/icon-football.svg\",\"contentUrl\":\"https:\/\/demo.awaikenthemes.com\/footclub\/wp-content\/uploads\/2025\/05\/icon-football.svg\"},{\"@type\":\"BreadcrumbList\",\"@id\":\"https:\/\/www.footgolf.lu\/image-gallery\/#breadcrumb\",\"itemListElement\":[{\"@type\":\"ListItem\",\"position\":1,\"name\":\"Accueil\",\"item\":\"https:\/\/www.footgolf.lu\/\"},{\"@type\":\"ListItem\",\"position\":2,\"name\":\"Image Gallery\"}]},{\"@type\":\"WebSite\",\"@id\":\"https:\/\/www.footgolf.lu\/#website\",\"url\":\"https:\/\/www.footgolf.lu\/\",\"name\":\"F\u00e9d\u00e9ration Luxembourgeoise de FootGolf\",\"description\":\"FootGolf L\u00ebtzebuerg Federation\",\"publisher\":{\"@id\":\"https:\/\/www.footgolf.lu\/#organization\"},\"potentialAction\":[{\"@type\":\"SearchAction\",\"target\":{\"@type\":\"EntryPoint\",\"urlTemplate\":\"https:\/\/www.footgolf.lu\/?s={search_term_string}\"},\"query-input\":{\"@type\":\"PropertyValueSpecification\",\"valueRequired\":true,\"valueName\":\"search_term_string\"}}],\"inLanguage\":\"en-US\"},{\"@type\":\"Organization\",\"@id\":\"https:\/\/www.footgolf.lu\/#organization\",\"name\":\"F\u00e9d\u00e9ration Luxembourgeoise de FootGolf\",\"url\":\"https:\/\/www.footgolf.lu\/\",\"logo\":{\"@type\":\"ImageObject\",\"inLanguage\":\"en-US\",\"@id\":\"https:\/\/www.footgolf.lu\/#\/schema\/logo\/image\/\",\"url\":\"https:\/\/www.footgolf.lu\/footgolf.lu\/home\/wp-content\/uploads\/2021\/08\/logo.jpg\",\"contentUrl\":\"https:\/\/www.footgolf.lu\/footgolf.lu\/home\/wp-content\/uploads\/2021\/08\/logo.jpg\",\"width\":221,\"height\":200,\"caption\":\"F\u00e9d\u00e9ration Luxembourgeoise de FootGolf\"},\"image\":{\"@id\":\"https:\/\/www.footgolf.lu\/#\/schema\/logo\/image\/\"}}]}<\/script>\n<!-- \/ Yoast SEO plugin. -->","yoast_head_json":{"title":"Image Gallery - F\u00e9d\u00e9ration Luxembourgeoise de FootGolf","robots":{"index":"index","follow":"follow","max-snippet":"max-snippet:-1","max-image-preview":"max-image-preview:large","max-video-preview":"max-video-preview:-1"},"canonical":"https:\/\/www.footgolf.lu\/en\/image-gallery\/","og_locale":"en_US","og_type":"article","og_title":"Image Gallery - F\u00e9d\u00e9ration Luxembourgeoise de FootGolf","og_description":"OUR GALLERY Home EXPLORE NOW PURCHESE NOW LIMITED TIME DEAL BUY THEME [&hellip;]","og_url":"https:\/\/www.footgolf.lu\/en\/image-gallery\/","og_site_name":"F\u00e9d\u00e9ration Luxembourgeoise de FootGolf","og_image":[{"url":"https:\/\/demo.awaikenthemes.com\/footclub\/wp-content\/uploads\/2025\/05\/icon-football.svg","type":"","width":"","height":""}],"twitter_card":"summary_large_image","schema":{"@context":"https:\/\/schema.org","@graph":[{"@type":"WebPage","@id":"https:\/\/www.footgolf.lu\/image-gallery\/","url":"https:\/\/www.footgolf.lu\/image-gallery\/","name":"Image Gallery - F\u00e9d\u00e9ration Luxembourgeoise de FootGolf","isPartOf":{"@id":"https:\/\/www.footgolf.lu\/#website"},"primaryImageOfPage":{"@id":"https:\/\/www.footgolf.lu\/image-gallery\/#primaryimage"},"image":{"@id":"https:\/\/www.footgolf.lu\/image-gallery\/#primaryimage"},"thumbnailUrl":"https:\/\/demo.awaikenthemes.com\/footclub\/wp-content\/uploads\/2025\/05\/icon-football.svg","datePublished":"2025-05-30T12:16:04+00:00","breadcrumb":{"@id":"https:\/\/www.footgolf.lu\/image-gallery\/#breadcrumb"},"inLanguage":"en-US","potentialAction":[{"@type":"ReadAction","target":["https:\/\/www.footgolf.lu\/image-gallery\/"]}]},{"@type":"ImageObject","inLanguage":"en-US","@id":"https:\/\/www.footgolf.lu\/image-gallery\/#primaryimage","url":"https:\/\/demo.awaikenthemes.com\/footclub\/wp-content\/uploads\/2025\/05\/icon-football.svg","contentUrl":"https:\/\/demo.awaikenthemes.com\/footclub\/wp-content\/uploads\/2025\/05\/icon-football.svg"},{"@type":"BreadcrumbList","@id":"https:\/\/www.footgolf.lu\/image-gallery\/#breadcrumb","itemListElement":[{"@type":"ListItem","position":1,"name":"Accueil","item":"https:\/\/www.footgolf.lu\/"},{"@type":"ListItem","position":2,"name":"Image Gallery"}]},{"@type":"WebSite","@id":"https:\/\/www.footgolf.lu\/#website","url":"https:\/\/www.footgolf.lu\/","name":"F\u00e9d\u00e9ration Luxembourgeoise de FootGolf","description":"FootGolf L\u00ebtzebuerg Federation","publisher":{"@id":"https:\/\/www.footgolf.lu\/#organization"},"potentialAction":[{"@type":"SearchAction","target":{"@type":"EntryPoint","urlTemplate":"https:\/\/www.footgolf.lu\/?s={search_term_string}"},"query-input":{"@type":"PropertyValueSpecification","valueRequired":true,"valueName":"search_term_string"}}],"inLanguage":"en-US"},{"@type":"Organization","@id":"https:\/\/www.footgolf.lu\/#organization","name":"F\u00e9d\u00e9ration Luxembourgeoise de FootGolf","url":"https:\/\/www.footgolf.lu\/","logo":{"@type":"ImageObject","inLanguage":"en-US","@id":"https:\/\/www.footgolf.lu\/#\/schema\/logo\/image\/","url":"https:\/\/www.footgolf.lu\/footgolf.lu\/home\/wp-content\/uploads\/2021\/08\/logo.jpg","contentUrl":"https:\/\/www.footgolf.lu\/footgolf.lu\/home\/wp-content\/uploads\/2021\/08\/logo.jpg","width":221,"height":200,"caption":"F\u00e9d\u00e9ration Luxembourgeoise de FootGolf"},"image":{"@id":"https:\/\/www.footgolf.lu\/#\/schema\/logo\/image\/"}}]}},"_links":{"self":[{"href":"https:\/\/www.footgolf.lu\/en\/wp-json\/wp\/v2\/pages\/3829","targetHints":{"allow":["GET"]}}],"collection":[{"href":"https:\/\/www.footgolf.lu\/en\/wp-json\/wp\/v2\/pages"}],"about":[{"href":"https:\/\/www.footgolf.lu\/en\/wp-json\/wp\/v2\/types\/page"}],"author":[{"embeddable":true,"href":"https:\/\/www.footgolf.lu\/en\/wp-json\/wp\/v2\/users\/1"}],"replies":[{"embeddable":true,"href":"https:\/\/www.footgolf.lu\/en\/wp-json\/wp\/v2\/comments?post=3829"}],"version-history":[{"count":0,"href":"https:\/\/www.footgolf.lu\/en\/wp-json\/wp\/v2\/pages\/3829\/revisions"}],"wp:attachment":[{"href":"https:\/\/www.footgolf.lu\/en\/wp-json\/wp\/v2\/media?parent=3829"}],"curies":[{"name":"wp","href":"https:\/\/api.w.org\/{rel}","templated":true}]}}